{"id":244,"date":"2025-04-08T04:05:21","date_gmt":"2025-04-08T04:05:21","guid":{"rendered":"https:\/\/suizoamericano.edu.gt\/?page_id=244"},"modified":"2026-02-17T19:34:15","modified_gmt":"2026-02-17T19:34:15","slug":"pv-ciencia-y-tecnologia","status":"publish","type":"page","link":"https:\/\/suizoamericano.edu.gt\/index.php\/pv-ciencia-y-tecnologia\/","title":{"rendered":"PV &#8211; Ciencia y tecnolog\u00eda"},"content":{"rendered":"\t\t<div data-elementor-type=\"wp-page\" data-elementor-id=\"244\" class=\"elementor elementor-244\" data-elementor-post-type=\"page\">\n\t\t\t\t<div class=\"elementor-element elementor-element-77eb710 e-flex e-con-boxed e-con e-parent\" data-id=\"77eb710\" data-element_type=\"container\" data-settings=\"{&quot;background_background&quot;:&quot;slideshow&quot;,&quot;background_slideshow_gallery&quot;:[{&quot;id&quot;:67,&quot;url&quot;:&quot;http:\\\/\\\/suizoamericano.edu.gt\\\/wp-content\\\/uploads\\\/2025\\\/04\\\/DSC03615-scaled.jpg&quot;}],&quot;shape_divider_bottom&quot;:&quot;mountains&quot;,&quot;background_slideshow_loop&quot;:&quot;yes&quot;,&quot;background_slideshow_slide_duration&quot;:5000,&quot;background_slideshow_slide_transition&quot;:&quot;fade&quot;,&quot;background_slideshow_transition_duration&quot;:500}\">\n\t\t\t\t\t<div class=\"e-con-inner\">\n\t\t\t\t<div class=\"elementor-shape elementor-shape-bottom\" aria-hidden=\"true\" data-negative=\"false\">\n\t\t\t<svg xmlns=\"http:\/\/www.w3.org\/2000\/svg\" viewBox=\"0 0 1000 100\" preserveAspectRatio=\"none\">\n\t<path class=\"elementor-shape-fill\" opacity=\"0.33\" d=\"M473,67.3c-203.9,88.3-263.1-34-320.3,0C66,119.1,0,59.7,0,59.7V0h1000v59.7 c0,0-62.1,26.1-94.9,29.3c-32.8,3.3-62.8-12.3-75.8-22.1C806,49.6,745.3,8.7,694.9,4.7S492.4,59,473,67.3z\"\/>\n\t<path class=\"elementor-shape-fill\" opacity=\"0.66\" d=\"M734,67.3c-45.5,0-77.2-23.2-129.1-39.1c-28.6-8.7-150.3-10.1-254,39.1 s-91.7-34.4-149.2,0C115.7,118.3,0,39.8,0,39.8V0h1000v36.5c0,0-28.2-18.5-92.1-18.5C810.2,18.1,775.7,67.3,734,67.3z\"\/>\n\t<path class=\"elementor-shape-fill\" d=\"M766.1,28.9c-200-57.5-266,65.5-395.1,19.5C242,1.8,242,5.4,184.8,20.6C128,35.8,132.3,44.9,89.9,52.5C28.6,63.7,0,0,0,0 h1000c0,0-9.9,40.9-83.6,48.1S829.6,47,766.1,28.9z\"\/>\n<\/svg>\t\t<\/div>\n\t\t<div class=\"elementor-element elementor-element-7911e70 e-con-full e-flex e-con e-child\" data-id=\"7911e70\" data-element_type=\"container\">\n\t\t\t\t<div class=\"elementor-element elementor-element-e3ca22f elementor-hidden-mobile elementor-view-default elementor-widget elementor-widget-icon\" data-id=\"e3ca22f\" data-element_type=\"widget\" data-widget_type=\"icon.default\">\n\t\t\t\t<div class=\"elementor-widget-container\">\n\t\t\t\t\t\t\t<div class=\"elementor-icon-wrapper\">\n\t\t\t<div class=\"elementor-icon\">\n\t\t\t<svg aria-hidden=\"true\" class=\"e-font-icon-svg e-fas-vial\" viewBox=\"0 0 480 512\" xmlns=\"http:\/\/www.w3.org\/2000\/svg\"><path d=\"M477.7 186.1L309.5 18.3c-3.1-3.1-8.2-3.1-11.3 0l-34 33.9c-3.1 3.1-3.1 8.2 0 11.3l11.2 11.1L33 316.5c-38.8 38.7-45.1 102-9.4 143.5 20.6 24 49.5 36 78.4 35.9 26.4 0 52.8-10 72.9-30.1l246.3-245.7 11.2 11.1c3.1 3.1 8.2 3.1 11.3 0l34-33.9c3.1-3 3.1-8.1 0-11.2zM318 256H161l148-147.7 78.5 78.3L318 256z\"><\/path><\/svg>\t\t\t<\/div>\n\t\t<\/div>\n\t\t\t\t\t\t<\/div>\n\t\t\t\t<\/div>\n\t\t\t\t<\/div>\n\t\t<div class=\"elementor-element elementor-element-8181a31 e-con-full e-flex e-con e-child\" data-id=\"8181a31\" data-element_type=\"container\">\n\t\t\t\t<div class=\"elementor-element elementor-element-0c89c7c elementor-widget elementor-widget-heading\" data-id=\"0c89c7c\" data-element_type=\"widget\" data-widget_type=\"heading.default\">\n\t\t\t\t<div class=\"elementor-widget-container\">\n\t\t\t\t\t<h2 class=\"elementor-heading-title elementor-size-default\"> Ciencia y Tecnolog\u00eda<\/h2>\t\t\t\t<\/div>\n\t\t\t\t<\/div>\n\t\t\t\t<\/div>\n\t\t\t\t\t<\/div>\n\t\t\t\t<\/div>\n\t\t<div class=\"elementor-element elementor-element-21fb3ed e-flex e-con-boxed e-con e-parent\" data-id=\"21fb3ed\" data-element_type=\"container\" data-settings=\"{&quot;background_background&quot;:&quot;classic&quot;}\">\n\t\t\t\t\t<div class=\"e-con-inner\">\n\t\t\t\t<div class=\"elementor-element elementor-element-e4c9780 elementor-widget__width-initial elementor-widget elementor-widget-text-editor\" data-id=\"e4c9780\" data-element_type=\"widget\" data-widget_type=\"text-editor.default\">\n\t\t\t\t<div class=\"elementor-widget-container\">\n\t\t\t\t\t\t\t\t\t<p class=\"\" data-start=\"297\" data-end=\"624\"><strong data-start=\"297\" data-end=\"346\">Espacios equipados para el aprendizaje activo<\/strong><br data-start=\"346\" data-end=\"349\" \/>Nuestros laboratorios est\u00e1n dise\u00f1ados para el trabajo colaborativo y la exploraci\u00f3n cient\u00edfica. Con 16 estaciones por laboratorio, los estudiantes desarrollan actividades en pareja o en grupo, fomentando el pensamiento cr\u00edtico y el trabajo en equipo. Cada espacio cuenta con:<\/p><ul data-start=\"626\" data-end=\"860\"><li class=\"\" data-start=\"626\" data-end=\"682\"><p class=\"\" data-start=\"628\" data-end=\"682\">Tecnolog\u00eda actualizada seleccionada por especialistas.<\/p><\/li><li class=\"\" data-start=\"683\" data-end=\"765\"><p class=\"\" data-start=\"685\" data-end=\"765\">Medidas de seguridad como duchas, lavaojos, ventilaci\u00f3n y salidas de emergencia.<\/p><\/li><li class=\"\" data-start=\"766\" data-end=\"860\"><p class=\"\" data-start=\"768\" data-end=\"860\">Equipamiento con est\u00e1ndar universitario que impulsa un aprendizaje profundo y significativo.<\/p><\/li><\/ul>\t\t\t\t\t\t\t\t<\/div>\n\t\t\t\t<\/div>\n\t\t\t\t\t<\/div>\n\t\t\t\t<\/div>\n\t\t<div class=\"elementor-element elementor-element-a5ea680 e-grid e-con-boxed e-con e-parent\" data-id=\"a5ea680\" data-element_type=\"container\" data-settings=\"{&quot;background_background&quot;:&quot;classic&quot;}\">\n\t\t\t\t\t<div class=\"e-con-inner\">\n\t\t<div class=\"elementor-element elementor-element-7372776 e-flex e-con-boxed e-con e-child\" data-id=\"7372776\" data-element_type=\"container\" data-settings=\"{&quot;background_background&quot;:&quot;slideshow&quot;,&quot;background_slideshow_gallery&quot;:[{&quot;id&quot;:254,&quot;url&quot;:&quot;http:\\\/\\\/suizoamericano.edu.gt\\\/wp-content\\\/uploads\\\/2025\\\/04\\\/DSC02564-1-scaled.jpg&quot;},{&quot;id&quot;:255,&quot;url&quot;:&quot;http:\\\/\\\/suizoamericano.edu.gt\\\/wp-content\\\/uploads\\\/2025\\\/04\\\/DSC02582-scaled.jpg&quot;},{&quot;id&quot;:126,&quot;url&quot;:&quot;http:\\\/\\\/suizoamericano.edu.gt\\\/wp-content\\\/uploads\\\/2025\\\/04\\\/DSC02597-scaled.jpg&quot;},{&quot;id&quot;:253,&quot;url&quot;:&quot;http:\\\/\\\/suizoamericano.edu.gt\\\/wp-content\\\/uploads\\\/2025\\\/04\\\/DSC02571-scaled.jpg&quot;}],&quot;background_slideshow_slide_duration&quot;:6000,&quot;background_slideshow_loop&quot;:&quot;yes&quot;,&quot;background_slideshow_slide_transition&quot;:&quot;fade&quot;,&quot;background_slideshow_transition_duration&quot;:500}\">\n\t\t\t\t\t<div class=\"e-con-inner\">\n\t\t\t\t<div class=\"elementor-element elementor-element-038e122 elementor-widget__width-initial elementor-widget elementor-widget-heading\" data-id=\"038e122\" data-element_type=\"widget\" data-widget_type=\"heading.default\">\n\t\t\t\t<div class=\"elementor-widget-container\">\n\t\t\t\t\t<h2 class=\"elementor-heading-title elementor-size-default\">Biolog\u00eda y Qu\u00edmica<\/h2>\t\t\t\t<\/div>\n\t\t\t\t<\/div>\n\t\t\t\t<div class=\"elementor-element elementor-element-3ea5829 elementor-widget__width-initial elementor-widget elementor-widget-text-editor\" data-id=\"3ea5829\" data-element_type=\"widget\" data-widget_type=\"text-editor.default\">\n\t\t\t\t<div class=\"elementor-widget-container\">\n\t\t\t\t\t\t\t\t\t<p class=\"\" data-start=\"297\" data-end=\"624\">Los estudiantes realizan pr\u00e1cticas formales que desarrollan habilidades motoras, t\u00e9cnicas de laboratorio y pensamiento anal\u00edtico. Cada pr\u00e1ctica culmina en la presentaci\u00f3n de resultados y conclusiones, promoviendo la capacidad de observaci\u00f3n, an\u00e1lisis y comunicaci\u00f3n cient\u00edfica.<\/p>\t\t\t\t\t\t\t\t<\/div>\n\t\t\t\t<\/div>\n\t\t\t\t\t<\/div>\n\t\t\t\t<\/div>\n\t\t<div class=\"elementor-element elementor-element-c3bfe2a e-flex e-con-boxed e-con e-child\" data-id=\"c3bfe2a\" data-element_type=\"container\" data-settings=\"{&quot;background_background&quot;:&quot;slideshow&quot;,&quot;background_slideshow_gallery&quot;:[{&quot;id&quot;:256,&quot;url&quot;:&quot;http:\\\/\\\/suizoamericano.edu.gt\\\/wp-content\\\/uploads\\\/2025\\\/04\\\/DSC02731-scaled.jpg&quot;},{&quot;id&quot;:128,&quot;url&quot;:&quot;http:\\\/\\\/suizoamericano.edu.gt\\\/wp-content\\\/uploads\\\/2025\\\/04\\\/DSC02723-scaled.jpg&quot;},{&quot;id&quot;:129,&quot;url&quot;:&quot;http:\\\/\\\/suizoamericano.edu.gt\\\/wp-content\\\/uploads\\\/2025\\\/04\\\/DSC02716-scaled.jpg&quot;},{&quot;id&quot;:62,&quot;url&quot;:&quot;http:\\\/\\\/suizoamericano.edu.gt\\\/wp-content\\\/uploads\\\/2025\\\/04\\\/DSC02703-scaled.jpg&quot;}],&quot;background_slideshow_slide_duration&quot;:6000,&quot;background_slideshow_loop&quot;:&quot;yes&quot;,&quot;background_slideshow_slide_transition&quot;:&quot;fade&quot;,&quot;background_slideshow_transition_duration&quot;:500}\">\n\t\t\t\t\t<div class=\"e-con-inner\">\n\t\t\t\t<div class=\"elementor-element elementor-element-fe693fa elementor-widget elementor-widget-heading\" data-id=\"fe693fa\" data-element_type=\"widget\" data-widget_type=\"heading.default\">\n\t\t\t\t<div class=\"elementor-widget-container\">\n\t\t\t\t\t<h2 class=\"elementor-heading-title elementor-size-default\">F\u00edsica<\/h2>\t\t\t\t<\/div>\n\t\t\t\t<\/div>\n\t\t\t\t<div class=\"elementor-element elementor-element-7f78228 elementor-widget__width-initial elementor-widget elementor-widget-text-editor\" data-id=\"7f78228\" data-element_type=\"widget\" data-widget_type=\"text-editor.default\">\n\t\t\t\t<div class=\"elementor-widget-container\">\n\t\t\t\t\t\t\t\t\t<p class=\"\" data-start=\"1195\" data-end=\"1379\">El laboratorio de f\u00edsica permite experimentar con modelos y problemas reales, aplicando teor\u00eda en un entorno pr\u00e1ctico y estimulante, donde los alumnos ponen a prueba sus conocimientos.<\/p>\t\t\t\t\t\t\t\t<\/div>\n\t\t\t\t<\/div>\n\t\t\t\t\t<\/div>\n\t\t\t\t<\/div>\n\t\t<div class=\"elementor-element elementor-element-c4f9fc5 e-flex e-con-boxed e-con e-child\" data-id=\"c4f9fc5\" data-element_type=\"container\" data-settings=\"{&quot;background_background&quot;:&quot;slideshow&quot;,&quot;background_slideshow_gallery&quot;:[{&quot;id&quot;:65,&quot;url&quot;:&quot;http:\\\/\\\/suizoamericano.edu.gt\\\/wp-content\\\/uploads\\\/2025\\\/04\\\/DSC03595-scaled.jpg&quot;},{&quot;id&quot;:109,&quot;url&quot;:&quot;http:\\\/\\\/suizoamericano.edu.gt\\\/wp-content\\\/uploads\\\/2025\\\/04\\\/DSC03622-scaled.jpg&quot;},{&quot;id&quot;:66,&quot;url&quot;:&quot;http:\\\/\\\/suizoamericano.edu.gt\\\/wp-content\\\/uploads\\\/2025\\\/04\\\/DSC03432-scaled.jpg&quot;},{&quot;id&quot;:43,&quot;url&quot;:&quot;http:\\\/\\\/suizoamericano.edu.gt\\\/wp-content\\\/uploads\\\/2025\\\/04\\\/DSC03609-scaled.jpg&quot;}],&quot;background_slideshow_slide_duration&quot;:6000,&quot;background_slideshow_loop&quot;:&quot;yes&quot;,&quot;background_slideshow_slide_transition&quot;:&quot;fade&quot;,&quot;background_slideshow_transition_duration&quot;:500}\">\n\t\t\t\t\t<div class=\"e-con-inner\">\n\t\t\t\t<div class=\"elementor-element elementor-element-e79e8b6 elementor-widget elementor-widget-heading\" data-id=\"e79e8b6\" data-element_type=\"widget\" data-widget_type=\"heading.default\">\n\t\t\t\t<div class=\"elementor-widget-container\">\n\t\t\t\t\t<h2 class=\"elementor-heading-title elementor-size-default\">Steam<\/h2>\t\t\t\t<\/div>\n\t\t\t\t<\/div>\n\t\t\t\t<div class=\"elementor-element elementor-element-a6932d0 elementor-widget__width-initial elementor-widget elementor-widget-text-editor\" data-id=\"a6932d0\" data-element_type=\"widget\" data-widget_type=\"text-editor.default\">\n\t\t\t\t<div class=\"elementor-widget-container\">\n\t\t\t\t\t\t\t\t\t<p class=\"\" data-start=\"1404\" data-end=\"1646\">Desde edades tempranas, los estudiantes dise\u00f1an y construyen proyectos propios con materiales diversos, integrando sistemas mec\u00e1nicos y computacionales. La rob\u00f3tica fortalece la creatividad, la l\u00f3gica, la perseverancia y el trabajo en equipo.<\/p>\t\t\t\t\t\t\t\t<\/div>\n\t\t\t\t<\/div>\n\t\t\t\t\t<\/div>\n\t\t\t\t<\/div>\n\t\t\t\t\t<\/div>\n\t\t\t\t<\/div>\n\t\t<div class=\"elementor-element elementor-element-60fca95 e-flex e-con-boxed e-con e-parent\" data-id=\"60fca95\" data-element_type=\"container\" data-settings=\"{&quot;background_background&quot;:&quot;classic&quot;}\">\n\t\t\t\t\t<div class=\"e-con-inner\">\n\t\t\t\t<div class=\"elementor-element elementor-element-d111ec4 elementor-align-center elementor-widget elementor-widget-button\" data-id=\"d111ec4\" data-element_type=\"widget\" data-widget_type=\"button.default\">\n\t\t\t\t<div class=\"elementor-widget-container\">\n\t\t\t\t\t\t\t\t\t<div class=\"elementor-button-wrapper\">\n\t\t\t\t\t<a class=\"elementor-button elementor-button-link elementor-size-sm elementor-animation-grow\" href=\"#\">\n\t\t\t\t\t\t<span class=\"elementor-button-content-wrapper\">\n\t\t\t\t\t\t\t\t\t<span class=\"elementor-button-text\">Agenda tu visita<\/span>\n\t\t\t\t\t<\/span>\n\t\t\t\t\t<\/a>\n\t\t\t\t<\/div>\n\t\t\t\t\t\t\t\t<\/div>\n\t\t\t\t<\/div>\n\t\t\t\t\t<\/div>\n\t\t\t\t<\/div>\n\t\t\t\t<\/div>\n\t\t","protected":false},"excerpt":{"rendered":"<p>Ciencia y Tecnolog\u00eda Espacios equipados para el aprendizaje activoNuestros laboratorios est\u00e1n dise\u00f1ados para el trabajo colaborativo y la exploraci\u00f3n cient\u00edfica. Con 16 estaciones por laboratorio, los estudiantes desarrollan actividades en pareja o en grupo, fomentando el pensamiento cr\u00edtico y el trabajo en equipo. Cada espacio cuenta con: Tecnolog\u00eda actualizada seleccionada por especialistas. Medidas de seguridad [&hellip;]<\/p>\n","protected":false},"author":2,"featured_media":0,"parent":0,"menu_order":0,"comment_status":"closed","ping_status":"closed","template":"elementor_header_footer","meta":{"footnotes":""},"class_list":["post-244","page","type-page","status-publish","hentry"],"_links":{"self":[{"href":"https:\/\/suizoamericano.edu.gt\/index.php\/wp-json\/wp\/v2\/pages\/244","targetHints":{"allow":["GET"]}}],"collection":[{"href":"https:\/\/suizoamericano.edu.gt\/index.php\/wp-json\/wp\/v2\/pages"}],"about":[{"href":"https:\/\/suizoamericano.edu.gt\/index.php\/wp-json\/wp\/v2\/types\/page"}],"author":[{"embeddable":true,"href":"https:\/\/suizoamericano.edu.gt\/index.php\/wp-json\/wp\/v2\/users\/2"}],"replies":[{"embeddable":true,"href":"https:\/\/suizoamericano.edu.gt\/index.php\/wp-json\/wp\/v2\/comments?post=244"}],"version-history":[{"count":12,"href":"https:\/\/suizoamericano.edu.gt\/index.php\/wp-json\/wp\/v2\/pages\/244\/revisions"}],"predecessor-version":[{"id":373,"href":"https:\/\/suizoamericano.edu.gt\/index.php\/wp-json\/wp\/v2\/pages\/244\/revisions\/373"}],"wp:attachment":[{"href":"https:\/\/suizoamericano.edu.gt\/index.php\/wp-json\/wp\/v2\/media?parent=244"}],"curies":[{"name":"wp","href":"https:\/\/api.w.org\/{rel}","templated":true}]}}