{"id":387,"date":"2025-05-04T03:00:16","date_gmt":"2025-05-04T03:00:16","guid":{"rendered":"https:\/\/suizoamericano.edu.gt\/?page_id=387"},"modified":"2026-02-17T19:24:15","modified_gmt":"2026-02-17T19:24:15","slug":"pv-liderazgo","status":"publish","type":"page","link":"https:\/\/suizoamericano.edu.gt\/index.php\/pv-liderazgo\/","title":{"rendered":"PV &#8211; LIDERAZGO"},"content":{"rendered":"\t\t<div data-elementor-type=\"wp-page\" data-elementor-id=\"387\" class=\"elementor elementor-387\" data-elementor-post-type=\"page\">\n\t\t\t\t<div class=\"elementor-element elementor-element-215ac619 e-flex e-con-boxed e-con e-parent\" data-id=\"215ac619\" data-element_type=\"container\" data-settings=\"{&quot;background_background&quot;:&quot;slideshow&quot;,&quot;background_slideshow_gallery&quot;:[{&quot;id&quot;:145,&quot;url&quot;:&quot;http:\\\/\\\/suizoamericano.edu.gt\\\/wp-content\\\/uploads\\\/2025\\\/04\\\/DSC03234-scaled.jpg&quot;}],&quot;shape_divider_bottom&quot;:&quot;mountains&quot;,&quot;background_slideshow_loop&quot;:&quot;yes&quot;,&quot;background_slideshow_slide_duration&quot;:5000,&quot;background_slideshow_slide_transition&quot;:&quot;fade&quot;,&quot;background_slideshow_transition_duration&quot;:500}\">\n\t\t\t\t\t<div class=\"e-con-inner\">\n\t\t\t\t<div class=\"elementor-shape elementor-shape-bottom\" aria-hidden=\"true\" data-negative=\"false\">\n\t\t\t<svg xmlns=\"http:\/\/www.w3.org\/2000\/svg\" viewBox=\"0 0 1000 100\" preserveAspectRatio=\"none\">\n\t<path class=\"elementor-shape-fill\" opacity=\"0.33\" d=\"M473,67.3c-203.9,88.3-263.1-34-320.3,0C66,119.1,0,59.7,0,59.7V0h1000v59.7 c0,0-62.1,26.1-94.9,29.3c-32.8,3.3-62.8-12.3-75.8-22.1C806,49.6,745.3,8.7,694.9,4.7S492.4,59,473,67.3z\"\/>\n\t<path class=\"elementor-shape-fill\" opacity=\"0.66\" d=\"M734,67.3c-45.5,0-77.2-23.2-129.1-39.1c-28.6-8.7-150.3-10.1-254,39.1 s-91.7-34.4-149.2,0C115.7,118.3,0,39.8,0,39.8V0h1000v36.5c0,0-28.2-18.5-92.1-18.5C810.2,18.1,775.7,67.3,734,67.3z\"\/>\n\t<path class=\"elementor-shape-fill\" d=\"M766.1,28.9c-200-57.5-266,65.5-395.1,19.5C242,1.8,242,5.4,184.8,20.6C128,35.8,132.3,44.9,89.9,52.5C28.6,63.7,0,0,0,0 h1000c0,0-9.9,40.9-83.6,48.1S829.6,47,766.1,28.9z\"\/>\n<\/svg>\t\t<\/div>\n\t\t<div class=\"elementor-element elementor-element-497bd21a e-con-full e-flex e-con e-child\" data-id=\"497bd21a\" data-element_type=\"container\">\n\t\t\t\t<div class=\"elementor-element elementor-element-1733878 elementor-widget elementor-widget-image\" data-id=\"1733878\" data-element_type=\"widget\" data-widget_type=\"image.default\">\n\t\t\t\t<div class=\"elementor-widget-container\">\n\t\t\t\t\t\t\t\t\t\t\t\t\t\t\t<img fetchpriority=\"high\" decoding=\"async\" width=\"447\" height=\"417\" src=\"https:\/\/suizoamericano.edu.gt\/wp-content\/uploads\/2025\/05\/LiM_LighthouseSeal_GoldFULL.webp\" class=\"attachment-large size-large wp-image-390\" alt=\"\" srcset=\"https:\/\/suizoamericano.edu.gt\/wp-content\/uploads\/2025\/05\/LiM_LighthouseSeal_GoldFULL.webp 447w, https:\/\/suizoamericano.edu.gt\/wp-content\/uploads\/2025\/05\/LiM_LighthouseSeal_GoldFULL-300x280.webp 300w\" sizes=\"(max-width: 447px) 100vw, 447px\" \/>\t\t\t\t\t\t\t\t\t\t\t\t\t\t\t<\/div>\n\t\t\t\t<\/div>\n\t\t\t\t<\/div>\n\t\t<div class=\"elementor-element elementor-element-651a257a e-con-full e-flex e-con e-child\" data-id=\"651a257a\" data-element_type=\"container\">\n\t\t\t\t<div class=\"elementor-element elementor-element-734d2b50 elementor-widget elementor-widget-heading\" data-id=\"734d2b50\" data-element_type=\"widget\" data-widget_type=\"heading.default\">\n\t\t\t\t<div class=\"elementor-widget-container\">\n\t\t\t\t\t<h2 class=\"elementor-heading-title elementor-size-default\">Liderazgo y Cultura Organizacional\n<\/h2>\t\t\t\t<\/div>\n\t\t\t\t<\/div>\n\t\t\t\t<\/div>\n\t\t\t\t\t<\/div>\n\t\t\t\t<\/div>\n\t\t<div class=\"elementor-element elementor-element-b2bfee8 e-flex e-con-boxed e-con e-parent\" data-id=\"b2bfee8\" data-element_type=\"container\" data-settings=\"{&quot;background_background&quot;:&quot;classic&quot;}\">\n\t\t\t\t\t<div class=\"e-con-inner\">\n\t\t<div class=\"elementor-element elementor-element-b204ede e-con-full e-flex e-con e-child\" data-id=\"b204ede\" data-element_type=\"container\">\n\t\t\t\t<div class=\"elementor-element elementor-element-2545a697 elementor-widget__width-initial elementor-widget elementor-widget-text-editor\" data-id=\"2545a697\" data-element_type=\"widget\" data-widget_type=\"text-editor.default\">\n\t\t\t\t<div class=\"elementor-widget-container\">\n\t\t\t\t\t\t\t\t\t<h3 class=\"\" data-start=\"216\" data-end=\"250\"><strong>Formamos l\u00edderes con prop\u00f3sito<\/strong><\/h3><p class=\"\" data-start=\"104\" data-end=\"511\">En el Colegio Suizo Americano creemos que cada estudiante tiene el potencial de ser un l\u00edder. Por eso, implementamos con orgullo <strong data-start=\"233\" data-end=\"251\">El L\u00edder en M\u00ed<\/strong>, un modelo de transformaci\u00f3n escolar basado en Los 7 H\u00e1bitos de las Personas Altamente Efectivas de FranklinCovey. Esta filosof\u00eda fortalece el car\u00e1cter, la responsabilidad, la proactividad y la capacidad de tomar decisiones conscientes desde edades tempranas.<\/p><p class=\"\" data-start=\"513\" data-end=\"927\">Nuestra instituci\u00f3n fue la <strong data-start=\"540\" data-end=\"605\">primera en Centroam\u00e9rica en ser certificada como Colegio Faro<\/strong>, un reconocimiento otorgado por FranklinCovey a las escuelas que aplican este modelo con excelencia. Todo nuestro equipo, desde docentes y personal administrativo hasta colaboradores de mantenimiento, est\u00e1 capacitado para vivir y modelar los 7 h\u00e1bitos, creando una cultura de liderazgo visible en cada rinc\u00f3n del colegio.<\/p><p class=\"\" data-start=\"929\" data-end=\"1299\">El programa se fundamenta en cinco pilares esenciales: pensamiento cr\u00edtico, independencia responsable, voluntad, habilidad social y creatividad. Promovemos una formaci\u00f3n integral en la que los estudiantes aprenden a establecer y alcanzar metas, resolver conflictos de forma positiva, convivir con empat\u00eda y contribuir activamente a su entorno familiar, escolar y social.<\/p><p class=\"\" data-start=\"1301\" data-end=\"1418\">M\u00e1s que una metodolog\u00eda, El L\u00edder en M\u00ed es una experiencia de vida que transforma comunidades educativas completas.<\/p><p class=\"\" data-start=\"1420\" data-end=\"1509\"><strong data-start=\"1420\" data-end=\"1509\">Bienvenidos al Colegio Suizo Americano, el hogar de los futuros l\u00edderes de Guatemala.<\/strong><\/p>\t\t\t\t\t\t\t\t<\/div>\n\t\t\t\t<\/div>\n\t\t\t\t<\/div>\n\t\t<div class=\"elementor-element elementor-element-eec16be e-con-full e-flex e-con e-child\" data-id=\"eec16be\" data-element_type=\"container\">\n\t\t\t\t<div class=\"elementor-element elementor-element-7746596 elementor-widget elementor-widget-image\" data-id=\"7746596\" data-element_type=\"widget\" data-widget_type=\"image.default\">\n\t\t\t\t<div class=\"elementor-widget-container\">\n\t\t\t\t\t\t\t\t\t\t\t\t\t\t\t<img fetchpriority=\"high\" decoding=\"async\" width=\"447\" height=\"417\" src=\"https:\/\/suizoamericano.edu.gt\/wp-content\/uploads\/2025\/05\/LiM_LighthouseSeal_GoldFULL.webp\" class=\"attachment-large size-large wp-image-390\" alt=\"\" srcset=\"https:\/\/suizoamericano.edu.gt\/wp-content\/uploads\/2025\/05\/LiM_LighthouseSeal_GoldFULL.webp 447w, https:\/\/suizoamericano.edu.gt\/wp-content\/uploads\/2025\/05\/LiM_LighthouseSeal_GoldFULL-300x280.webp 300w\" sizes=\"(max-width: 447px) 100vw, 447px\" \/>\t\t\t\t\t\t\t\t\t\t\t\t\t\t\t<\/div>\n\t\t\t\t<\/div>\n\t\t\t\t<div class=\"elementor-element elementor-element-b956359 elementor-widget elementor-widget-heading\" data-id=\"b956359\" data-element_type=\"widget\" data-widget_type=\"heading.default\">\n\t\t\t\t<div class=\"elementor-widget-container\">\n\t\t\t\t\t<h2 class=\"elementor-heading-title elementor-size-default\">El 22 de julio del a\u00f1o 2015 obtuvimos la Certificaci\u00f3n como \u201cColegio Faro\u201d siendo los primeros en obtener la certificaci\u00f3n, a nivel Centroamericano y en Guatemala.<\/h2>\t\t\t\t<\/div>\n\t\t\t\t<\/div>\n\t\t\t\t<\/div>\n\t\t\t\t\t<\/div>\n\t\t\t\t<\/div>\n\t\t<div class=\"elementor-element elementor-element-26778e43 e-flex e-con-boxed e-con e-parent\" data-id=\"26778e43\" data-element_type=\"container\" data-settings=\"{&quot;background_background&quot;:&quot;classic&quot;}\">\n\t\t\t\t\t<div class=\"e-con-inner\">\n\t\t\t\t<div class=\"elementor-element elementor-element-11956cbd elementor-align-center elementor-widget elementor-widget-button\" data-id=\"11956cbd\" data-element_type=\"widget\" data-widget_type=\"button.default\">\n\t\t\t\t<div class=\"elementor-widget-container\">\n\t\t\t\t\t\t\t\t\t<div class=\"elementor-button-wrapper\">\n\t\t\t\t\t<a class=\"elementor-button elementor-button-link elementor-size-sm elementor-animation-grow\" href=\"\">\n\t\t\t\t\t\t<span class=\"elementor-button-content-wrapper\">\n\t\t\t\t\t\t\t\t\t<span class=\"elementor-button-text\">Agenda tu visita<\/span>\n\t\t\t\t\t<\/span>\n\t\t\t\t\t<\/a>\n\t\t\t\t<\/div>\n\t\t\t\t\t\t\t\t<\/div>\n\t\t\t\t<\/div>\n\t\t\t\t<div class=\"elementor-element elementor-element-2bb0852 elementor-widget elementor-widget-spacer\" data-id=\"2bb0852\" data-element_type=\"widget\" data-widget_type=\"spacer.default\">\n\t\t\t\t<div class=\"elementor-widget-container\">\n\t\t\t\t\t\t\t<div class=\"elementor-spacer\">\n\t\t\t<div class=\"elementor-spacer-inner\"><\/div>\n\t\t<\/div>\n\t\t\t\t\t\t<\/div>\n\t\t\t\t<\/div>\n\t\t\t\t\t<\/div>\n\t\t\t\t<\/div>\n\t\t\t\t<\/div>\n\t\t","protected":false},"excerpt":{"rendered":"<p>Liderazgo y Cultura Organizacional Formamos l\u00edderes con prop\u00f3sito En el Colegio Suizo Americano creemos que cada estudiante tiene el potencial de ser un l\u00edder. Por eso, implementamos con orgullo El L\u00edder en M\u00ed, un modelo de transformaci\u00f3n escolar basado en Los 7 H\u00e1bitos de las Personas Altamente Efectivas de FranklinCovey. Esta filosof\u00eda fortalece el car\u00e1cter, [&hellip;]<\/p>\n","protected":false},"author":2,"featured_media":0,"parent":0,"menu_order":0,"comment_status":"closed","ping_status":"closed","template":"elementor_header_footer","meta":{"footnotes":""},"class_list":["post-387","page","type-page","status-publish","hentry"],"_links":{"self":[{"href":"https:\/\/suizoamericano.edu.gt\/index.php\/wp-json\/wp\/v2\/pages\/387","targetHints":{"allow":["GET"]}}],"collection":[{"href":"https:\/\/suizoamericano.edu.gt\/index.php\/wp-json\/wp\/v2\/pages"}],"about":[{"href":"https:\/\/suizoamericano.edu.gt\/index.php\/wp-json\/wp\/v2\/types\/page"}],"author":[{"embeddable":true,"href":"https:\/\/suizoamericano.edu.gt\/index.php\/wp-json\/wp\/v2\/users\/2"}],"replies":[{"embeddable":true,"href":"https:\/\/suizoamericano.edu.gt\/index.php\/wp-json\/wp\/v2\/comments?post=387"}],"version-history":[{"count":13,"href":"https:\/\/suizoamericano.edu.gt\/index.php\/wp-json\/wp\/v2\/pages\/387\/revisions"}],"predecessor-version":[{"id":615,"href":"https:\/\/suizoamericano.edu.gt\/index.php\/wp-json\/wp\/v2\/pages\/387\/revisions\/615"}],"wp:attachment":[{"href":"https:\/\/suizoamericano.edu.gt\/index.php\/wp-json\/wp\/v2\/media?parent=387"}],"curies":[{"name":"wp","href":"https:\/\/api.w.org\/{rel}","templated":true}]}}