{"id":400,"date":"2025-05-04T03:21:13","date_gmt":"2025-05-04T03:21:13","guid":{"rendered":"https:\/\/suizoamericano.edu.gt\/?page_id=400"},"modified":"2026-02-17T19:29:18","modified_gmt":"2026-02-17T19:29:18","slug":"pv-padres-y-familia","status":"publish","type":"page","link":"https:\/\/suizoamericano.edu.gt\/index.php\/pv-padres-y-familia\/","title":{"rendered":"PV &#8211; Padres y familia"},"content":{"rendered":"\t\t<div data-elementor-type=\"wp-page\" data-elementor-id=\"400\" class=\"elementor elementor-400\" data-elementor-post-type=\"page\">\n\t\t\t\t<div class=\"elementor-element elementor-element-2b1cb2e8 e-flex e-con-boxed e-con e-parent\" data-id=\"2b1cb2e8\" data-element_type=\"container\" data-settings=\"{&quot;background_background&quot;:&quot;slideshow&quot;,&quot;background_slideshow_gallery&quot;:[{&quot;id&quot;:148,&quot;url&quot;:&quot;http:\\\/\\\/suizoamericano.edu.gt\\\/wp-content\\\/uploads\\\/2025\\\/04\\\/DSC02398-scaled.jpg&quot;}],&quot;shape_divider_bottom&quot;:&quot;mountains&quot;,&quot;background_slideshow_loop&quot;:&quot;yes&quot;,&quot;background_slideshow_slide_duration&quot;:5000,&quot;background_slideshow_slide_transition&quot;:&quot;fade&quot;,&quot;background_slideshow_transition_duration&quot;:500}\">\n\t\t\t\t\t<div class=\"e-con-inner\">\n\t\t\t\t<div class=\"elementor-shape elementor-shape-bottom\" aria-hidden=\"true\" data-negative=\"false\">\n\t\t\t<svg xmlns=\"http:\/\/www.w3.org\/2000\/svg\" viewBox=\"0 0 1000 100\" preserveAspectRatio=\"none\">\n\t<path class=\"elementor-shape-fill\" opacity=\"0.33\" d=\"M473,67.3c-203.9,88.3-263.1-34-320.3,0C66,119.1,0,59.7,0,59.7V0h1000v59.7 c0,0-62.1,26.1-94.9,29.3c-32.8,3.3-62.8-12.3-75.8-22.1C806,49.6,745.3,8.7,694.9,4.7S492.4,59,473,67.3z\"\/>\n\t<path class=\"elementor-shape-fill\" opacity=\"0.66\" d=\"M734,67.3c-45.5,0-77.2-23.2-129.1-39.1c-28.6-8.7-150.3-10.1-254,39.1 s-91.7-34.4-149.2,0C115.7,118.3,0,39.8,0,39.8V0h1000v36.5c0,0-28.2-18.5-92.1-18.5C810.2,18.1,775.7,67.3,734,67.3z\"\/>\n\t<path class=\"elementor-shape-fill\" d=\"M766.1,28.9c-200-57.5-266,65.5-395.1,19.5C242,1.8,242,5.4,184.8,20.6C128,35.8,132.3,44.9,89.9,52.5C28.6,63.7,0,0,0,0 h1000c0,0-9.9,40.9-83.6,48.1S829.6,47,766.1,28.9z\"\/>\n<\/svg>\t\t<\/div>\n\t\t<div class=\"elementor-element elementor-element-4ca2dbfd e-con-full e-flex e-con e-child\" data-id=\"4ca2dbfd\" data-element_type=\"container\">\n\t\t\t\t<div class=\"elementor-element elementor-element-436c4041 elementor-hidden-mobile elementor-view-default elementor-widget elementor-widget-icon\" data-id=\"436c4041\" data-element_type=\"widget\" data-widget_type=\"icon.default\">\n\t\t\t\t<div class=\"elementor-widget-container\">\n\t\t\t\t\t\t\t<div class=\"elementor-icon-wrapper\">\n\t\t\t<div class=\"elementor-icon\">\n\t\t\t<svg aria-hidden=\"true\" class=\"e-font-icon-svg e-fas-users\" viewBox=\"0 0 640 512\" xmlns=\"http:\/\/www.w3.org\/2000\/svg\"><path d=\"M96 224c35.3 0 64-28.7 64-64s-28.7-64-64-64-64 28.7-64 64 28.7 64 64 64zm448 0c35.3 0 64-28.7 64-64s-28.7-64-64-64-64 28.7-64 64 28.7 64 64 64zm32 32h-64c-17.6 0-33.5 7.1-45.1 18.6 40.3 22.1 68.9 62 75.1 109.4h66c17.7 0 32-14.3 32-32v-32c0-35.3-28.7-64-64-64zm-256 0c61.9 0 112-50.1 112-112S381.9 32 320 32 208 82.1 208 144s50.1 112 112 112zm76.8 32h-8.3c-20.8 10-43.9 16-68.5 16s-47.6-6-68.5-16h-8.3C179.6 288 128 339.6 128 403.2V432c0 26.5 21.5 48 48 48h288c26.5 0 48-21.5 48-48v-28.8c0-63.6-51.6-115.2-115.2-115.2zm-223.7-13.4C161.5 263.1 145.6 256 128 256H64c-35.3 0-64 28.7-64 64v32c0 17.7 14.3 32 32 32h65.9c6.3-47.4 34.9-87.3 75.2-109.4z\"><\/path><\/svg>\t\t\t<\/div>\n\t\t<\/div>\n\t\t\t\t\t\t<\/div>\n\t\t\t\t<\/div>\n\t\t\t\t<\/div>\n\t\t<div class=\"elementor-element elementor-element-71824c31 e-con-full e-flex e-con e-child\" data-id=\"71824c31\" data-element_type=\"container\">\n\t\t\t\t<div class=\"elementor-element elementor-element-43cb2e82 elementor-widget elementor-widget-heading\" data-id=\"43cb2e82\" data-element_type=\"widget\" data-widget_type=\"heading.default\">\n\t\t\t\t<div class=\"elementor-widget-container\">\n\t\t\t\t\t<h2 class=\"elementor-heading-title elementor-size-default\">Padres y familia\n<\/h2>\t\t\t\t<\/div>\n\t\t\t\t<\/div>\n\t\t\t\t<\/div>\n\t\t\t\t\t<\/div>\n\t\t\t\t<\/div>\n\t\t<div class=\"elementor-element elementor-element-3f24535f e-flex e-con-boxed e-con e-parent\" data-id=\"3f24535f\" data-element_type=\"container\" data-settings=\"{&quot;background_background&quot;:&quot;classic&quot;}\">\n\t\t\t\t\t<div class=\"e-con-inner\">\n\t\t\t\t<div class=\"elementor-element elementor-element-79a5ba32 elementor-widget__width-initial elementor-widget elementor-widget-text-editor\" data-id=\"79a5ba32\" data-element_type=\"widget\" data-widget_type=\"text-editor.default\">\n\t\t\t\t<div class=\"elementor-widget-container\">\n\t\t\t\t\t\t\t\t\t<h3 class=\"\" data-start=\"131\" data-end=\"180\"><strong>Trinomio\u00a0<\/strong><\/h3><p class=\"\" data-start=\"182\" data-end=\"523\">En el Colegio Suizo Americano entendemos la educaci\u00f3n como un esfuerzo conjunto entre tres pilares fundamentales: el alumno, su familia y la instituci\u00f3n. Este trinomio forma una alianza s\u00f3lida que impulsa el desarrollo acad\u00e9mico, emocional y social de nuestros estudiantes, asegurando una formaci\u00f3n integral y coherente en todos los niveles.<\/p><h3 class=\"\" data-start=\"525\" data-end=\"550\"><strong>Formaci\u00f3n para Padres<\/strong><\/h3><p class=\"\" data-start=\"552\" data-end=\"841\">Como parte de nuestro compromiso con la mejora continua, realizamos <strong data-start=\"620\" data-end=\"655\">dos congresos educativos al a\u00f1o<\/strong>, dirigidos a padres de familia. Estos espacios est\u00e1n dise\u00f1ados para brindar herramientas pr\u00e1cticas y actualizadas que les permitan acompa\u00f1ar de forma efectiva la educaci\u00f3n de sus hijos.<\/p><p class=\"\" data-start=\"843\" data-end=\"1099\">Cada congreso aborda tem\u00e1ticas relevantes, seleccionadas con base en las necesidades observadas en nuestros estudiantes. Contamos con la participaci\u00f3n de expertos en desarrollo infantil, psicolog\u00eda, educaci\u00f3n y temas relacionados con la crianza consciente.<\/p><p class=\"\" data-start=\"1101\" data-end=\"1310\">Durante cada evento, los asistentes pueden elegir entre tres conferencias distintas, obteniendo as\u00ed una visi\u00f3n amplia y estrat\u00e9gica sobre c\u00f3mo fortalecer su rol como gu\u00edas y acompa\u00f1antes del proceso educativo.<\/p><p class=\"\" data-start=\"1312\" data-end=\"1561\">Los congresos se realizan al inicio y a la mitad del ciclo escolar. El primero se lleva a cabo en Campus Acat\u00e1n y el segundo en Campus San Crist\u00f3bal. Ambos est\u00e1n abiertos a todas las familias de los tres campus (Acat\u00e1n, San Crist\u00f3bal y Kinder City).<\/p><p class=\"\" data-start=\"1563\" data-end=\"1652\"><strong data-start=\"1563\" data-end=\"1652\">En el Colegio Suizo Americano, creemos que educar tambi\u00e9n es formar a quienes forman.<\/strong><\/p>\t\t\t\t\t\t\t\t<\/div>\n\t\t\t\t<\/div>\n\t\t\t\t\t<\/div>\n\t\t\t\t<\/div>\n\t\t<div class=\"elementor-element elementor-element-ab1f6f4 e-flex e-con-boxed e-con e-parent\" data-id=\"ab1f6f4\" data-element_type=\"container\" data-settings=\"{&quot;shape_divider_top&quot;:&quot;mountains&quot;}\">\n\t\t\t\t\t<div class=\"e-con-inner\">\n\t\t\t\t<div class=\"elementor-shape elementor-shape-top\" aria-hidden=\"true\" data-negative=\"false\">\n\t\t\t<svg xmlns=\"http:\/\/www.w3.org\/2000\/svg\" viewBox=\"0 0 1000 100\" preserveAspectRatio=\"none\">\n\t<path class=\"elementor-shape-fill\" opacity=\"0.33\" d=\"M473,67.3c-203.9,88.3-263.1-34-320.3,0C66,119.1,0,59.7,0,59.7V0h1000v59.7 c0,0-62.1,26.1-94.9,29.3c-32.8,3.3-62.8-12.3-75.8-22.1C806,49.6,745.3,8.7,694.9,4.7S492.4,59,473,67.3z\"\/>\n\t<path class=\"elementor-shape-fill\" opacity=\"0.66\" d=\"M734,67.3c-45.5,0-77.2-23.2-129.1-39.1c-28.6-8.7-150.3-10.1-254,39.1 s-91.7-34.4-149.2,0C115.7,118.3,0,39.8,0,39.8V0h1000v36.5c0,0-28.2-18.5-92.1-18.5C810.2,18.1,775.7,67.3,734,67.3z\"\/>\n\t<path class=\"elementor-shape-fill\" d=\"M766.1,28.9c-200-57.5-266,65.5-395.1,19.5C242,1.8,242,5.4,184.8,20.6C128,35.8,132.3,44.9,89.9,52.5C28.6,63.7,0,0,0,0 h1000c0,0-9.9,40.9-83.6,48.1S829.6,47,766.1,28.9z\"\/>\n<\/svg>\t\t<\/div>\n\t\t<div class=\"elementor-element elementor-element-eed4f8c e-con-full e-flex e-con e-child\" data-id=\"eed4f8c\" data-element_type=\"container\">\n\t\t\t\t<div class=\"elementor-element elementor-element-9e441e2 elementor-widget elementor-widget-spacer\" data-id=\"9e441e2\" data-element_type=\"widget\" data-widget_type=\"spacer.default\">\n\t\t\t\t<div class=\"elementor-widget-container\">\n\t\t\t\t\t\t\t<div class=\"elementor-spacer\">\n\t\t\t<div class=\"elementor-spacer-inner\"><\/div>\n\t\t<\/div>\n\t\t\t\t\t\t<\/div>\n\t\t\t\t<\/div>\n\t\t\t\t<div class=\"elementor-element elementor-element-5b92c9a elementor-widget__width-initial elementor-widget elementor-widget-text-editor\" data-id=\"5b92c9a\" data-element_type=\"widget\" data-widget_type=\"text-editor.default\">\n\t\t\t\t<div class=\"elementor-widget-container\">\n\t\t\t\t\t\t\t\t\t<div class=\"column mcb-column one column_column \"><div class=\"column_attr clearfix align_left\"><h2><strong>Departamento de Orientaci\u00f3n<\/strong><\/h2><\/div><\/div>\t\t\t\t\t\t\t\t<\/div>\n\t\t\t\t<\/div>\n\t\t\t\t<div class=\"elementor-element elementor-element-0b7e69c elementor-widget elementor-widget-n-accordion\" data-id=\"0b7e69c\" data-element_type=\"widget\" data-settings=\"{&quot;default_state&quot;:&quot;expanded&quot;,&quot;max_items_expended&quot;:&quot;one&quot;,&quot;n_accordion_animation_duration&quot;:{&quot;unit&quot;:&quot;ms&quot;,&quot;size&quot;:400,&quot;sizes&quot;:[]}}\" data-widget_type=\"nested-accordion.default\">\n\t\t\t\t<div class=\"elementor-widget-container\">\n\t\t\t\t\t\t\t<div class=\"e-n-accordion\" aria-label=\"Accordion. Open links with Enter or Space, close with Escape, and navigate with Arrow Keys\">\n\t\t\t\t\t\t<details id=\"e-n-accordion-item-1200\" class=\"e-n-accordion-item\" open>\n\t\t\t\t<summary class=\"e-n-accordion-item-title\" data-accordion-index=\"1\" tabindex=\"0\" aria-expanded=\"true\" aria-controls=\"e-n-accordion-item-1200\" >\n\t\t\t\t\t<span class='e-n-accordion-item-title-header'><div class=\"e-n-accordion-item-title-text\"> \u00bfQu\u00e9 es un departamento de orientaci\u00f3n Escolar? <\/div><\/span>\n\t\t\t\t\t\t\t<span class='e-n-accordion-item-title-icon'>\n\t\t\t<span class='e-opened' ><svg aria-hidden=\"true\" class=\"e-font-icon-svg e-fas-minus\" viewBox=\"0 0 448 512\" xmlns=\"http:\/\/www.w3.org\/2000\/svg\"><path d=\"M416 208H32c-17.67 0-32 14.33-32 32v32c0 17.67 14.33 32 32 32h384c17.67 0 32-14.33 32-32v-32c0-17.67-14.33-32-32-32z\"><\/path><\/svg><\/span>\n\t\t\t<span class='e-closed'><svg aria-hidden=\"true\" class=\"e-font-icon-svg e-fas-plus\" viewBox=\"0 0 448 512\" xmlns=\"http:\/\/www.w3.org\/2000\/svg\"><path d=\"M416 208H272V64c0-17.67-14.33-32-32-32h-32c-17.67 0-32 14.33-32 32v144H32c-17.67 0-32 14.33-32 32v32c0 17.67 14.33 32 32 32h144v144c0 17.67 14.33 32 32 32h32c17.67 0 32-14.33 32-32V304h144c17.67 0 32-14.33 32-32v-32c0-17.67-14.33-32-32-32z\"><\/path><\/svg><\/span>\n\t\t<\/span>\n\n\t\t\t\t\t\t<\/summary>\n\t\t\t\t<div role=\"region\" aria-labelledby=\"e-n-accordion-item-1200\" class=\"elementor-element elementor-element-f75e726 e-con-full e-flex e-con e-child\" data-id=\"f75e726\" data-element_type=\"container\">\n\t\t\t\t<div class=\"elementor-element elementor-element-1ca9686 elementor-widget__width-initial elementor-widget elementor-widget-text-editor\" data-id=\"1ca9686\" data-element_type=\"widget\" data-widget_type=\"text-editor.default\">\n\t\t\t\t<div class=\"elementor-widget-container\">\n\t\t\t\t\t\t\t\t\t<div class=\"column mcb-column one column_column \"><div class=\"column_attr clearfix align_left\"><p>Para lograr una mejor visi\u00f3n y conceptualizaci\u00f3n de lo que es un departamento de orientaci\u00f3n educativa se hace referencia a lo que V\u00e9laz de Medrano (1998) menciona, la Orientaci\u00f3n Educativa es un \u201cconjunto de conocimientos, metodolog\u00edas y principios te\u00f3ricos que fundamentan la planificaci\u00f3n, dise\u00f1o, aplicaci\u00f3n y evaluaci\u00f3n de la intervenci\u00f3n psicopedag\u00f3gica preventiva, comprensiva, sist\u00e9mica y continuada que se dirige a las personas, las instituciones y el contexto comunitario, con el objetivo de facilitar y promover el desarrollo integral de los sujetos a lo largo de las distintas etapas de su vida, con la implicaci\u00f3n de los diferentes agentes educativos (orientadores, tutores, profesores, familias) y sociales\u201d.<\/p><\/div><\/div>\t\t\t\t\t\t\t\t<\/div>\n\t\t\t\t<\/div>\n\t\t\t\t<\/div>\n\t\t\t\t\t<\/details>\n\t\t\t\t\t\t<details id=\"e-n-accordion-item-1201\" class=\"e-n-accordion-item\" >\n\t\t\t\t<summary class=\"e-n-accordion-item-title\" data-accordion-index=\"2\" tabindex=\"-1\" aria-expanded=\"false\" aria-controls=\"e-n-accordion-item-1201\" >\n\t\t\t\t\t<span class='e-n-accordion-item-title-header'><div class=\"e-n-accordion-item-title-text\"> \u00bfC\u00f3mo surgi\u00f3 el departamento de orientaci\u00f3n en nuestro colegio? <\/div><\/span>\n\t\t\t\t\t\t\t<span class='e-n-accordion-item-title-icon'>\n\t\t\t<span class='e-opened' ><svg aria-hidden=\"true\" class=\"e-font-icon-svg e-fas-minus\" viewBox=\"0 0 448 512\" xmlns=\"http:\/\/www.w3.org\/2000\/svg\"><path d=\"M416 208H32c-17.67 0-32 14.33-32 32v32c0 17.67 14.33 32 32 32h384c17.67 0 32-14.33 32-32v-32c0-17.67-14.33-32-32-32z\"><\/path><\/svg><\/span>\n\t\t\t<span class='e-closed'><svg aria-hidden=\"true\" class=\"e-font-icon-svg e-fas-plus\" viewBox=\"0 0 448 512\" xmlns=\"http:\/\/www.w3.org\/2000\/svg\"><path d=\"M416 208H272V64c0-17.67-14.33-32-32-32h-32c-17.67 0-32 14.33-32 32v144H32c-17.67 0-32 14.33-32 32v32c0 17.67 14.33 32 32 32h144v144c0 17.67 14.33 32 32 32h32c17.67 0 32-14.33 32-32V304h144c17.67 0 32-14.33 32-32v-32c0-17.67-14.33-32-32-32z\"><\/path><\/svg><\/span>\n\t\t<\/span>\n\n\t\t\t\t\t\t<\/summary>\n\t\t\t\t<div role=\"region\" aria-labelledby=\"e-n-accordion-item-1201\" class=\"elementor-element elementor-element-83cc68f e-con-full e-flex e-con e-child\" data-id=\"83cc68f\" data-element_type=\"container\">\n\t\t\t\t<div class=\"elementor-element elementor-element-9b0caa9 elementor-widget__width-initial elementor-widget elementor-widget-text-editor\" data-id=\"9b0caa9\" data-element_type=\"widget\" data-widget_type=\"text-editor.default\">\n\t\t\t\t<div class=\"elementor-widget-container\">\n\t\t\t\t\t\t\t\t\t<div class=\"column mcb-column one column_column \"><div class=\"column_attr clearfix align_left\"><div class=\"question active\"><div class=\"answer\">El departamento de orientaci\u00f3n nace en el a\u00f1o 2016. Y se establece como un ente que aporta los conocimientos, recursos y herramientas que brinda la psicolog\u00eda y pedagog\u00eda a la educaci\u00f3n.<\/div><\/div><div class=\"question\"><div class=\"title\">\u00a0<\/div><\/div><\/div><\/div>\t\t\t\t\t\t\t\t<\/div>\n\t\t\t\t<\/div>\n\t\t\t\t<\/div>\n\t\t\t\t\t<\/details>\n\t\t\t\t\t\t<details id=\"e-n-accordion-item-1202\" class=\"e-n-accordion-item\" >\n\t\t\t\t<summary class=\"e-n-accordion-item-title\" data-accordion-index=\"3\" tabindex=\"-1\" aria-expanded=\"false\" aria-controls=\"e-n-accordion-item-1202\" >\n\t\t\t\t\t<span class='e-n-accordion-item-title-header'><div class=\"e-n-accordion-item-title-text\"> \u00bfQu\u00e9 principios rigen el actuar del departamento de orientaci\u00f3n? <\/div><\/span>\n\t\t\t\t\t\t\t<span class='e-n-accordion-item-title-icon'>\n\t\t\t<span class='e-opened' ><svg aria-hidden=\"true\" class=\"e-font-icon-svg e-fas-minus\" viewBox=\"0 0 448 512\" xmlns=\"http:\/\/www.w3.org\/2000\/svg\"><path d=\"M416 208H32c-17.67 0-32 14.33-32 32v32c0 17.67 14.33 32 32 32h384c17.67 0 32-14.33 32-32v-32c0-17.67-14.33-32-32-32z\"><\/path><\/svg><\/span>\n\t\t\t<span class='e-closed'><svg aria-hidden=\"true\" class=\"e-font-icon-svg e-fas-plus\" viewBox=\"0 0 448 512\" xmlns=\"http:\/\/www.w3.org\/2000\/svg\"><path d=\"M416 208H272V64c0-17.67-14.33-32-32-32h-32c-17.67 0-32 14.33-32 32v144H32c-17.67 0-32 14.33-32 32v32c0 17.67 14.33 32 32 32h144v144c0 17.67 14.33 32 32 32h32c17.67 0 32-14.33 32-32V304h144c17.67 0 32-14.33 32-32v-32c0-17.67-14.33-32-32-32z\"><\/path><\/svg><\/span>\n\t\t<\/span>\n\n\t\t\t\t\t\t<\/summary>\n\t\t\t\t<div role=\"region\" aria-labelledby=\"e-n-accordion-item-1202\" class=\"elementor-element elementor-element-8bfff1f e-con-full e-flex e-con e-child\" data-id=\"8bfff1f\" data-element_type=\"container\">\n\t\t\t\t<div class=\"elementor-element elementor-element-b44e356 elementor-widget__width-initial elementor-widget elementor-widget-text-editor\" data-id=\"b44e356\" data-element_type=\"widget\" data-widget_type=\"text-editor.default\">\n\t\t\t\t<div class=\"elementor-widget-container\">\n\t\t\t\t\t\t\t\t\t<p class=\"\" data-start=\"125\" data-end=\"414\"><strong data-start=\"125\" data-end=\"152\">Principio de prevenci\u00f3n<\/strong><br data-start=\"152\" data-end=\"155\" \/>Este principio busca preparar a toda la comunidad educativa para enfrentar dificultades que puedan surgir. Su prop\u00f3sito es fomentar buenas pr\u00e1cticas, conductas saludables y habilidades personales relacionadas con la inteligencia interpersonal e intrapersonal.<\/p><p class=\"\" data-start=\"416\" data-end=\"750\"><strong data-start=\"416\" data-end=\"443\">Principio de desarrollo<\/strong><br data-start=\"443\" data-end=\"446\" \/>La orientaci\u00f3n acompa\u00f1a al estudiante durante su crecimiento, con el objetivo de potenciar al m\u00e1ximo sus capacidades. Se entiende como un proceso continuo que promueve el desarrollo personal e integral, considerando las etapas evolutivas y generando oportunidades de aprendizaje que impulsen su progreso.<\/p><p class=\"\" data-start=\"752\" data-end=\"1133\"><strong data-start=\"752\" data-end=\"788\">Principio de intervenci\u00f3n social<\/strong><br data-start=\"788\" data-end=\"791\" \/>Este principio toma en cuenta las condiciones del entorno del alumno, reconociendo su influencia en la toma de decisiones, el comportamiento y el desarrollo emocional. La intervenci\u00f3n considera tanto el contexto familiar como el escolar, con el fin de ofrecer un acompa\u00f1amiento que responda de forma efectiva a las necesidades del estudiante.<\/p>\t\t\t\t\t\t\t\t<\/div>\n\t\t\t\t<\/div>\n\t\t\t\t<\/div>\n\t\t\t\t\t<\/details>\n\t\t\t\t\t\t<details id=\"e-n-accordion-item-1203\" class=\"e-n-accordion-item\" >\n\t\t\t\t<summary class=\"e-n-accordion-item-title\" data-accordion-index=\"4\" tabindex=\"-1\" aria-expanded=\"false\" aria-controls=\"e-n-accordion-item-1203\" >\n\t\t\t\t\t<span class='e-n-accordion-item-title-header'><div class=\"e-n-accordion-item-title-text\"> \u00bfQu\u00e9 funciones desempe\u00f1a el departamento de orientaci\u00f3n en nuestro colegio? <\/div><\/span>\n\t\t\t\t\t\t\t<span class='e-n-accordion-item-title-icon'>\n\t\t\t<span class='e-opened' ><svg aria-hidden=\"true\" class=\"e-font-icon-svg e-fas-minus\" viewBox=\"0 0 448 512\" xmlns=\"http:\/\/www.w3.org\/2000\/svg\"><path d=\"M416 208H32c-17.67 0-32 14.33-32 32v32c0 17.67 14.33 32 32 32h384c17.67 0 32-14.33 32-32v-32c0-17.67-14.33-32-32-32z\"><\/path><\/svg><\/span>\n\t\t\t<span class='e-closed'><svg aria-hidden=\"true\" class=\"e-font-icon-svg e-fas-plus\" viewBox=\"0 0 448 512\" xmlns=\"http:\/\/www.w3.org\/2000\/svg\"><path d=\"M416 208H272V64c0-17.67-14.33-32-32-32h-32c-17.67 0-32 14.33-32 32v144H32c-17.67 0-32 14.33-32 32v32c0 17.67 14.33 32 32 32h144v144c0 17.67 14.33 32 32 32h32c17.67 0 32-14.33 32-32V304h144c17.67 0 32-14.33 32-32v-32c0-17.67-14.33-32-32-32z\"><\/path><\/svg><\/span>\n\t\t<\/span>\n\n\t\t\t\t\t\t<\/summary>\n\t\t\t\t<div role=\"region\" aria-labelledby=\"e-n-accordion-item-1203\" class=\"elementor-element elementor-element-ad5978d e-con-full e-flex e-con e-child\" data-id=\"ad5978d\" data-element_type=\"container\">\n\t\t\t\t<div class=\"elementor-element elementor-element-f8a9536 elementor-widget__width-initial elementor-widget elementor-widget-text-editor\" data-id=\"f8a9536\" data-element_type=\"widget\" data-widget_type=\"text-editor.default\">\n\t\t\t\t<div class=\"elementor-widget-container\">\n\t\t\t\t\t\t\t\t\t<ul><li data-start=\"125\" data-end=\"414\">Apoya en el proceso de admisi\u00f3n<\/li><li data-start=\"125\" data-end=\"414\">Organiza los congresos para padres<\/li><li data-start=\"125\" data-end=\"414\">Organiza las charlas de transici\u00f3n<\/li><li data-start=\"125\" data-end=\"414\">Realiza el proceso de orientaci\u00f3n vocacional con los alumnos graduandos<\/li><li data-start=\"125\" data-end=\"414\">Imparte talleres de capacitaci\u00f3n a maestros y personal administrativo<\/li><li data-start=\"125\" data-end=\"414\">Realiza talleres y charlas con los alumnos del colegio<\/li><li data-start=\"125\" data-end=\"414\">Brinda asesor\u00eda a maestros, coordinadores y directores<\/li><li data-start=\"125\" data-end=\"414\">Aborda casos de alumnos con dificultades emocionales, sociales, acad\u00e9micas, conductuales y familiares.<\/li><\/ul>\t\t\t\t\t\t\t\t<\/div>\n\t\t\t\t<\/div>\n\t\t\t\t<\/div>\n\t\t\t\t\t<\/details>\n\t\t\t\t\t<\/div>\n\t\t\t\t\t\t<\/div>\n\t\t\t\t<\/div>\n\t\t\t\t<div class=\"elementor-element elementor-element-3db0f8e8 elementor-align-center elementor-widget elementor-widget-button\" data-id=\"3db0f8e8\" data-element_type=\"widget\" data-widget_type=\"button.default\">\n\t\t\t\t<div class=\"elementor-widget-container\">\n\t\t\t\t\t\t\t\t\t<div class=\"elementor-button-wrapper\">\n\t\t\t\t\t<a class=\"elementor-button elementor-button-link elementor-size-sm elementor-animation-grow\" href=\"\">\n\t\t\t\t\t\t<span class=\"elementor-button-content-wrapper\">\n\t\t\t\t\t\t\t\t\t<span class=\"elementor-button-text\">Agenda tu visita<\/span>\n\t\t\t\t\t<\/span>\n\t\t\t\t\t<\/a>\n\t\t\t\t<\/div>\n\t\t\t\t\t\t\t\t<\/div>\n\t\t\t\t<\/div>\n\t\t\t\t<\/div>\n\t\t<div class=\"elementor-element elementor-element-b650bde e-con-full e-flex e-con e-child\" data-id=\"b650bde\" data-element_type=\"container\">\n\t\t<div class=\"elementor-element elementor-element-6059cf8b e-con-full e-flex e-con e-child\" data-id=\"6059cf8b\" data-element_type=\"container\" data-settings=\"{&quot;background_background&quot;:&quot;slideshow&quot;,&quot;background_slideshow_gallery&quot;:[{&quot;id&quot;:147,&quot;url&quot;:&quot;http:\\\/\\\/suizoamericano.edu.gt\\\/wp-content\\\/uploads\\\/2025\\\/04\\\/DSC08036-scaled.jpg&quot;},{&quot;id&quot;:405,&quot;url&quot;:&quot;http:\\\/\\\/suizoamericano.edu.gt\\\/wp-content\\\/uploads\\\/2025\\\/05\\\/DSC02474-scaled.jpg&quot;},{&quot;id&quot;:403,&quot;url&quot;:&quot;http:\\\/\\\/suizoamericano.edu.gt\\\/wp-content\\\/uploads\\\/2025\\\/05\\\/DSC04262-scaled.jpg&quot;},{&quot;id&quot;:404,&quot;url&quot;:&quot;http:\\\/\\\/suizoamericano.edu.gt\\\/wp-content\\\/uploads\\\/2025\\\/05\\\/DSC03964-scaled.jpg&quot;}],&quot;background_slideshow_slide_duration&quot;:6000,&quot;background_slideshow_loop&quot;:&quot;yes&quot;,&quot;background_slideshow_slide_transition&quot;:&quot;fade&quot;,&quot;background_slideshow_transition_duration&quot;:500}\">\n\t\t\t\t<\/div>\n\t\t\t\t<\/div>\n\t\t\t\t\t<\/div>\n\t\t\t\t<\/div>\n\t\t\t\t<\/div>\n\t\t","protected":false},"excerpt":{"rendered":"<p>Padres y familia Trinomio\u00a0 En el Colegio Suizo Americano entendemos la educaci\u00f3n como un esfuerzo conjunto entre tres pilares fundamentales: el alumno, su familia y la instituci\u00f3n. Este trinomio forma una alianza s\u00f3lida que impulsa el desarrollo acad\u00e9mico, emocional y social de nuestros estudiantes, asegurando una formaci\u00f3n integral y coherente en todos los niveles. Formaci\u00f3n [&hellip;]<\/p>\n","protected":false},"author":2,"featured_media":0,"parent":0,"menu_order":0,"comment_status":"closed","ping_status":"closed","template":"elementor_header_footer","meta":{"footnotes":""},"class_list":["post-400","page","type-page","status-publish","hentry"],"_links":{"self":[{"href":"https:\/\/suizoamericano.edu.gt\/index.php\/wp-json\/wp\/v2\/pages\/400","targetHints":{"allow":["GET"]}}],"collection":[{"href":"https:\/\/suizoamericano.edu.gt\/index.php\/wp-json\/wp\/v2\/pages"}],"about":[{"href":"https:\/\/suizoamericano.edu.gt\/index.php\/wp-json\/wp\/v2\/types\/page"}],"author":[{"embeddable":true,"href":"https:\/\/suizoamericano.edu.gt\/index.php\/wp-json\/wp\/v2\/users\/2"}],"replies":[{"embeddable":true,"href":"https:\/\/suizoamericano.edu.gt\/index.php\/wp-json\/wp\/v2\/comments?post=400"}],"version-history":[{"count":10,"href":"https:\/\/suizoamericano.edu.gt\/index.php\/wp-json\/wp\/v2\/pages\/400\/revisions"}],"predecessor-version":[{"id":618,"href":"https:\/\/suizoamericano.edu.gt\/index.php\/wp-json\/wp\/v2\/pages\/400\/revisions\/618"}],"wp:attachment":[{"href":"https:\/\/suizoamericano.edu.gt\/index.php\/wp-json\/wp\/v2\/media?parent=400"}],"curies":[{"name":"wp","href":"https:\/\/api.w.org\/{rel}","templated":true}]}}