{"id":438,"date":"2025-05-05T15:52:33","date_gmt":"2025-05-05T15:52:33","guid":{"rendered":"https:\/\/suizoamericano.edu.gt\/?page_id=438"},"modified":"2025-05-14T21:06:29","modified_gmt":"2025-05-14T21:06:29","slug":"historia-nosotros","status":"publish","type":"page","link":"https:\/\/suizoamericano.edu.gt\/index.php\/historia-nosotros\/","title":{"rendered":"Historia \/ Nosotros"},"content":{"rendered":"\t\t<div data-elementor-type=\"wp-page\" data-elementor-id=\"438\" class=\"elementor elementor-438\" data-elementor-post-type=\"page\">\n\t\t\t\t<div class=\"elementor-element elementor-element-4d537db8 e-flex e-con-boxed e-con e-parent\" data-id=\"4d537db8\" data-element_type=\"container\" data-settings=\"{&quot;background_background&quot;:&quot;slideshow&quot;,&quot;background_slideshow_gallery&quot;:[{&quot;id&quot;:441,&quot;url&quot;:&quot;http:\\\/\\\/suizoamericano.edu.gt\\\/wp-content\\\/uploads\\\/2025\\\/05\\\/DSC_0260.jpg&quot;}],&quot;shape_divider_bottom&quot;:&quot;mountains&quot;,&quot;background_slideshow_loop&quot;:&quot;yes&quot;,&quot;background_slideshow_slide_duration&quot;:5000,&quot;background_slideshow_slide_transition&quot;:&quot;fade&quot;,&quot;background_slideshow_transition_duration&quot;:500}\">\n\t\t\t\t\t<div class=\"e-con-inner\">\n\t\t\t\t<div class=\"elementor-shape elementor-shape-bottom\" aria-hidden=\"true\" data-negative=\"false\">\n\t\t\t<svg xmlns=\"http:\/\/www.w3.org\/2000\/svg\" viewBox=\"0 0 1000 100\" preserveAspectRatio=\"none\">\n\t<path class=\"elementor-shape-fill\" opacity=\"0.33\" d=\"M473,67.3c-203.9,88.3-263.1-34-320.3,0C66,119.1,0,59.7,0,59.7V0h1000v59.7 c0,0-62.1,26.1-94.9,29.3c-32.8,3.3-62.8-12.3-75.8-22.1C806,49.6,745.3,8.7,694.9,4.7S492.4,59,473,67.3z\"\/>\n\t<path class=\"elementor-shape-fill\" opacity=\"0.66\" d=\"M734,67.3c-45.5,0-77.2-23.2-129.1-39.1c-28.6-8.7-150.3-10.1-254,39.1 s-91.7-34.4-149.2,0C115.7,118.3,0,39.8,0,39.8V0h1000v36.5c0,0-28.2-18.5-92.1-18.5C810.2,18.1,775.7,67.3,734,67.3z\"\/>\n\t<path class=\"elementor-shape-fill\" d=\"M766.1,28.9c-200-57.5-266,65.5-395.1,19.5C242,1.8,242,5.4,184.8,20.6C128,35.8,132.3,44.9,89.9,52.5C28.6,63.7,0,0,0,0 h1000c0,0-9.9,40.9-83.6,48.1S829.6,47,766.1,28.9z\"\/>\n<\/svg>\t\t<\/div>\n\t\t<div class=\"elementor-element elementor-element-5c877757 e-con-full e-flex e-con e-child\" data-id=\"5c877757\" data-element_type=\"container\">\n\t\t\t\t<div class=\"elementor-element elementor-element-818d55b elementor-hidden-mobile elementor-widget elementor-widget-spacer\" data-id=\"818d55b\" data-element_type=\"widget\" data-widget_type=\"spacer.default\">\n\t\t\t\t<div class=\"elementor-widget-container\">\n\t\t\t\t\t\t\t<div class=\"elementor-spacer\">\n\t\t\t<div class=\"elementor-spacer-inner\"><\/div>\n\t\t<\/div>\n\t\t\t\t\t\t<\/div>\n\t\t\t\t<\/div>\n\t\t\t\t<div class=\"elementor-element elementor-element-1c4f770 elementor-hidden-mobile elementor-widget elementor-widget-image\" data-id=\"1c4f770\" data-element_type=\"widget\" data-widget_type=\"image.default\">\n\t\t\t\t<div class=\"elementor-widget-container\">\n\t\t\t\t\t\t\t\t\t\t\t\t\t\t\t<img fetchpriority=\"high\" decoding=\"async\" width=\"800\" height=\"958\" src=\"https:\/\/suizoamericano.edu.gt\/wp-content\/uploads\/2025\/05\/Logo-CSA-isotipo-borde-blanco-855x1024.png\" class=\"attachment-large size-large wp-image-440\" alt=\"\" srcset=\"https:\/\/suizoamericano.edu.gt\/wp-content\/uploads\/2025\/05\/Logo-CSA-isotipo-borde-blanco-855x1024.png 855w, https:\/\/suizoamericano.edu.gt\/wp-content\/uploads\/2025\/05\/Logo-CSA-isotipo-borde-blanco-250x300.png 250w, https:\/\/suizoamericano.edu.gt\/wp-content\/uploads\/2025\/05\/Logo-CSA-isotipo-borde-blanco-768x920.png 768w, https:\/\/suizoamericano.edu.gt\/wp-content\/uploads\/2025\/05\/Logo-CSA-isotipo-borde-blanco.png 1107w\" sizes=\"(max-width: 800px) 100vw, 800px\" \/>\t\t\t\t\t\t\t\t\t\t\t\t\t\t\t<\/div>\n\t\t\t\t<\/div>\n\t\t\t\t<\/div>\n\t\t<div class=\"elementor-element elementor-element-20af4d2e e-con-full e-flex e-con e-child\" data-id=\"20af4d2e\" data-element_type=\"container\">\n\t\t\t\t<div class=\"elementor-element elementor-element-ce3216e elementor-hidden-mobile elementor-widget elementor-widget-spacer\" data-id=\"ce3216e\" data-element_type=\"widget\" data-widget_type=\"spacer.default\">\n\t\t\t\t<div class=\"elementor-widget-container\">\n\t\t\t\t\t\t\t<div class=\"elementor-spacer\">\n\t\t\t<div class=\"elementor-spacer-inner\"><\/div>\n\t\t<\/div>\n\t\t\t\t\t\t<\/div>\n\t\t\t\t<\/div>\n\t\t\t\t<div class=\"elementor-element elementor-element-34294113 elementor-widget elementor-widget-heading\" data-id=\"34294113\" data-element_type=\"widget\" data-widget_type=\"heading.default\">\n\t\t\t\t<div class=\"elementor-widget-container\">\n\t\t\t\t\t<h2 class=\"elementor-heading-title elementor-size-default\">Historia<\/h2>\t\t\t\t<\/div>\n\t\t\t\t<\/div>\n\t\t\t\t<\/div>\n\t\t\t\t\t<\/div>\n\t\t\t\t<\/div>\n\t\t<div class=\"elementor-element elementor-element-0d57001 e-flex e-con-boxed e-con e-parent\" data-id=\"0d57001\" data-element_type=\"container\" data-settings=\"{&quot;background_background&quot;:&quot;classic&quot;}\">\n\t\t\t\t\t<div class=\"e-con-inner\">\n\t\t<div class=\"elementor-element elementor-element-6a909aa e-con-full e-flex e-con e-child\" data-id=\"6a909aa\" data-element_type=\"container\">\n\t\t\t\t<div class=\"elementor-element elementor-element-0add700 elementor-widget__width-initial elementor-widget elementor-widget-text-editor\" data-id=\"0add700\" data-element_type=\"widget\" data-widget_type=\"text-editor.default\">\n\t\t\t\t<div class=\"elementor-widget-container\">\n\t\t\t\t\t\t\t\t\t<h3><strong>Misi\u00f3n<\/strong><\/h3><p>Contribuir en la formaci\u00f3n de seres Pensantes y Creativos que alcancen la excelencia viviendo responsablemente su Independencia, fortaleciendo en ellos su Voluntad y desarrollando Habilidades Sociales que generen acciones positivas e innovadoras.<\/p>\t\t\t\t\t\t\t\t<\/div>\n\t\t\t\t<\/div>\n\t\t\t\t<\/div>\n\t\t<div class=\"elementor-element elementor-element-da592f7 e-con-full e-flex e-con e-child\" data-id=\"da592f7\" data-element_type=\"container\">\n\t\t\t\t<div class=\"elementor-element elementor-element-becb0cc elementor-widget__width-initial elementor-widget elementor-widget-text-editor\" data-id=\"becb0cc\" data-element_type=\"widget\" data-widget_type=\"text-editor.default\">\n\t\t\t\t<div class=\"elementor-widget-container\">\n\t\t\t\t\t\t\t\t\t<h3><strong>Visi\u00f3n<\/strong><\/h3><p>Promueve los valores morales y c\u00edvicos, la buena utilizaci\u00f3n del tiempo y la tecnolog\u00eda, los h\u00e1bitos de trabajo y la autoestima y as\u00ed alcanzar la excelencia.<\/p>\t\t\t\t\t\t\t\t<\/div>\n\t\t\t\t<\/div>\n\t\t\t\t<\/div>\n\t\t\t\t\t<\/div>\n\t\t\t\t<\/div>\n\t\t<div class=\"elementor-element elementor-element-5999e64 e-flex e-con-boxed e-con e-parent\" data-id=\"5999e64\" data-element_type=\"container\">\n\t\t\t\t\t<div class=\"e-con-inner\">\n\t\t<div class=\"elementor-element elementor-element-70df1cd e-con-full e-flex e-con e-child\" data-id=\"70df1cd\" data-element_type=\"container\">\n\t\t\t\t<div class=\"elementor-element elementor-element-5568b73e elementor-widget__width-initial elementor-widget elementor-widget-text-editor\" data-id=\"5568b73e\" data-element_type=\"widget\" data-widget_type=\"text-editor.default\">\n\t\t\t\t<div class=\"elementor-widget-container\">\n\t\t\t\t\t\t\t\t\t<h3 data-start=\"223\" data-end=\"235\"><strong data-start=\"223\" data-end=\"235\">Historia<\/strong><\/h3><p class=\"\" data-start=\"237\" data-end=\"723\">El Colegio Suizo Americano nace en el inicio de la Era de la Informaci\u00f3n, abriendo sus puertas el 1 de octubre de 1980. Su fundador, el Licenciado Marcel Reichenbach, de ascendencia suizo-guatemalteca, se destac\u00f3 por su pasi\u00f3n por la ciencia, la tecnolog\u00eda y, especialmente, la matem\u00e1tica. Tras sus estudios en la Universidad del Valle de Guatemala, continu\u00f3 su formaci\u00f3n en Suiza, donde obtuvo una licenciatura y una maestr\u00eda en Matem\u00e1tica en la Escuela Polit\u00e9cnica Federal de Z\u00farich.<\/p><p class=\"\" data-start=\"725\" data-end=\"1107\">Al regresar a Guatemala en 1977, comenz\u00f3 a ense\u00f1ar en diversas universidades del pa\u00eds y desarroll\u00f3 un m\u00e9todo propio de ense\u00f1anza matem\u00e1tica, centrado en el pensamiento cr\u00edtico y la resoluci\u00f3n de problemas. Esta metodolog\u00eda, donde el alumno es el protagonista del aprendizaje, se convirti\u00f3 en el eje del modelo educativo del Colegio Suizo Americano y de la Universidad InterNaciones.<\/p><p class=\"\" data-start=\"1109\" data-end=\"1490\">Las clases iniciaron en 1981 en una casa en zona 10, y en 1982 se construy\u00f3 el primer campus oficial en Diagonal 6 (hoy Campus KinderCare). En 1983, el colegio marc\u00f3 un hito al graduar la primera promoci\u00f3n de Bachilleres en Computaci\u00f3n en Guatemala. En 1998 se abri\u00f3 el segundo campus en San Crist\u00f3bal, ampliando as\u00ed la comunidad educativa con la misma filosof\u00eda y nivel acad\u00e9mico.<\/p><p class=\"\" data-start=\"1492\" data-end=\"1714\">En 2003 se coloc\u00f3 la primera piedra del Campus Zona 16, inaugurado en 2005 con instalaciones de calidad mundial. Posteriormente, en 2009, el campus San Crist\u00f3bal fue trasladado a su nueva sede, mejorando su infraestructura.<\/p><p class=\"\" data-start=\"1716\" data-end=\"2052\">El Lic. Marcel Reichenbach dirigi\u00f3 el colegio desde su fundaci\u00f3n hasta 2010, a\u00f1o en que asumi\u00f3 como Rector de la Universidad InterNaciones. La direcci\u00f3n general del colegio fue asumida por su hija, la Licenciada Mar\u00eda Lorraine Reichenbach, continuando el legado de excelencia acad\u00e9mica y compromiso con la educaci\u00f3n del pa\u00eds.<\/p><p class=\"\" data-start=\"2054\" data-end=\"2344\">En 2012, se fortaleci\u00f3 la cultura institucional con la implementaci\u00f3n del programa \u201cEl L\u00edder en M\u00ed\u201d de Franklin Covey, que promueve el liderazgo en toda la comunidad educativa. Ese mismo a\u00f1o, se introdujo el programa de Rob\u00f3tica Plus, acompa\u00f1ado por un espacio exclusivo para su desarrollo.<\/p><p class=\"\" data-start=\"2346\" data-end=\"2560\">Gracias a su compromiso con la formaci\u00f3n integral, el Colegio Suizo Americano obtuvo la certificaci\u00f3n como Primer Colegio Faro en Guatemala y Centroam\u00e9rica, un reconocimiento otorgado por Franklin Covey Education.<\/p><p class=\"\" data-start=\"2562\" data-end=\"2823\">La proyecci\u00f3n internacional del colegio tambi\u00e9n se fortaleci\u00f3 al integrarse a la red mundial de colegios PASCH, iniciativa del gobierno alem\u00e1n que promueve el idioma alem\u00e1n y el intercambio cultural y acad\u00e9mico entre m\u00e1s de 1,800 instituciones en todo el mundo.<\/p><p class=\"\" data-start=\"2825\" data-end=\"2999\">Hoy, el Colegio Suizo Americano contin\u00faa creciendo, formando ciudadanos competentes, creativos y responsables, comprometidos con Guatemala y preparados para aportar al mundo.<\/p>\t\t\t\t\t\t\t\t<\/div>\n\t\t\t\t<\/div>\n\t\t\t\t<\/div>\n\t\t<div class=\"elementor-element elementor-element-b4058f3 e-con-full e-flex e-con e-child\" data-id=\"b4058f3\" data-element_type=\"container\">\n\t\t\t\t<div class=\"elementor-element elementor-element-2278cad elementor-widget elementor-widget-image\" data-id=\"2278cad\" data-element_type=\"widget\" data-widget_type=\"image.default\">\n\t\t\t\t<div class=\"elementor-widget-container\">\n\t\t\t\t\t\t\t\t\t\t\t\t<figure class=\"wp-caption\">\n\t\t\t\t\t\t\t\t\t\t<img decoding=\"async\" width=\"3780\" height=\"2599\" src=\"https:\/\/suizoamericano.edu.gt\/wp-content\/uploads\/2025\/05\/Lic.-Marcel.png\" class=\"attachment-full size-full wp-image-446\" alt=\"\" srcset=\"https:\/\/suizoamericano.edu.gt\/wp-content\/uploads\/2025\/05\/Lic.-Marcel.png 3780w, https:\/\/suizoamericano.edu.gt\/wp-content\/uploads\/2025\/05\/Lic.-Marcel-300x206.png 300w, https:\/\/suizoamericano.edu.gt\/wp-content\/uploads\/2025\/05\/Lic.-Marcel-1024x704.png 1024w, https:\/\/suizoamericano.edu.gt\/wp-content\/uploads\/2025\/05\/Lic.-Marcel-768x528.png 768w, https:\/\/suizoamericano.edu.gt\/wp-content\/uploads\/2025\/05\/Lic.-Marcel-1536x1056.png 1536w, https:\/\/suizoamericano.edu.gt\/wp-content\/uploads\/2025\/05\/Lic.-Marcel-2048x1408.png 2048w\" sizes=\"(max-width: 3780px) 100vw, 3780px\" \/>\t\t\t\t\t\t\t\t\t\t\t<figcaption class=\"widget-image-caption wp-caption-text\">Lic. Marcel Reichenbach, Fundador Colegio Suizo Americano<\/figcaption>\n\t\t\t\t\t\t\t\t\t\t<\/figure>\n\t\t\t\t\t\t\t\t\t<\/div>\n\t\t\t\t<\/div>\n\t\t\t\t<div class=\"elementor-element elementor-element-63ec2a7 elementor-hidden-mobile elementor-widget elementor-widget-image\" data-id=\"63ec2a7\" data-element_type=\"widget\" data-widget_type=\"image.default\">\n\t\t\t\t<div class=\"elementor-widget-container\">\n\t\t\t\t\t\t\t\t\t\t\t\t\t\t\t<img decoding=\"async\" width=\"600\" height=\"410\" src=\"https:\/\/suizoamericano.edu.gt\/wp-content\/uploads\/2025\/04\/ACATAN-3.jpg\" class=\"attachment-large size-large wp-image-82\" alt=\"\" srcset=\"https:\/\/suizoamericano.edu.gt\/wp-content\/uploads\/2025\/04\/ACATAN-3.jpg 600w, https:\/\/suizoamericano.edu.gt\/wp-content\/uploads\/2025\/04\/ACATAN-3-300x205.jpg 300w\" sizes=\"(max-width: 600px) 100vw, 600px\" \/>\t\t\t\t\t\t\t\t\t\t\t\t\t\t\t<\/div>\n\t\t\t\t<\/div>\n\t\t\t\t<div class=\"elementor-element elementor-element-6f56560 elementor-widget elementor-widget-image\" data-id=\"6f56560\" data-element_type=\"widget\" data-widget_type=\"image.default\">\n\t\t\t\t<div class=\"elementor-widget-container\">\n\t\t\t\t\t\t\t\t\t\t\t\t<figure class=\"wp-caption\">\n\t\t\t\t\t\t\t\t\t\t<img loading=\"lazy\" decoding=\"async\" width=\"800\" height=\"534\" src=\"https:\/\/suizoamericano.edu.gt\/wp-content\/uploads\/2025\/05\/DSC06098-1024x683.jpg\" class=\"attachment-large size-large wp-image-447\" alt=\"\" srcset=\"https:\/\/suizoamericano.edu.gt\/wp-content\/uploads\/2025\/05\/DSC06098-1024x683.jpg 1024w, https:\/\/suizoamericano.edu.gt\/wp-content\/uploads\/2025\/05\/DSC06098-300x200.jpg 300w, https:\/\/suizoamericano.edu.gt\/wp-content\/uploads\/2025\/05\/DSC06098-768x512.jpg 768w, https:\/\/suizoamericano.edu.gt\/wp-content\/uploads\/2025\/05\/DSC06098-1536x1024.jpg 1536w, https:\/\/suizoamericano.edu.gt\/wp-content\/uploads\/2025\/05\/DSC06098-2048x1365.jpg 2048w\" sizes=\"(max-width: 800px) 100vw, 800px\" \/>\t\t\t\t\t\t\t\t\t\t\t<figcaption class=\"widget-image-caption wp-caption-text\">Licda. Mar\u00eda Lorraine Reichenbach, Directora General Colegio Suizo Americano<\/figcaption>\n\t\t\t\t\t\t\t\t\t\t<\/figure>\n\t\t\t\t\t\t\t\t\t<\/div>\n\t\t\t\t<\/div>\n\t\t\t\t<div class=\"elementor-element elementor-element-bad1fff elementor-widget elementor-widget-image\" data-id=\"bad1fff\" data-element_type=\"widget\" data-widget_type=\"image.default\">\n\t\t\t\t<div class=\"elementor-widget-container\">\n\t\t\t\t\t\t\t\t\t\t\t\t\t\t\t<img loading=\"lazy\" decoding=\"async\" width=\"447\" height=\"417\" src=\"https:\/\/suizoamericano.edu.gt\/wp-content\/uploads\/2025\/05\/LiM_LighthouseSeal_GoldFULL.webp\" class=\"attachment-large size-large wp-image-390\" alt=\"\" srcset=\"https:\/\/suizoamericano.edu.gt\/wp-content\/uploads\/2025\/05\/LiM_LighthouseSeal_GoldFULL.webp 447w, https:\/\/suizoamericano.edu.gt\/wp-content\/uploads\/2025\/05\/LiM_LighthouseSeal_GoldFULL-300x280.webp 300w\" sizes=\"(max-width: 447px) 100vw, 447px\" \/>\t\t\t\t\t\t\t\t\t\t\t\t\t\t\t<\/div>\n\t\t\t\t<\/div>\n\t\t\t\t<\/div>\n\t\t\t\t\t<\/div>\n\t\t\t\t<\/div>\n\t\t<div class=\"elementor-element elementor-element-55042eb e-flex e-con-boxed e-con e-parent\" data-id=\"55042eb\" data-element_type=\"container\">\n\t\t\t\t\t<div class=\"e-con-inner\">\n\t\t<div class=\"elementor-element elementor-element-77eaa64 e-con-full e-flex e-con e-child\" data-id=\"77eaa64\" data-element_type=\"container\">\n\t\t\t\t<div class=\"elementor-element elementor-element-32154f6d elementor-align-center elementor-widget elementor-widget-button\" data-id=\"32154f6d\" data-element_type=\"widget\" data-widget_type=\"button.default\">\n\t\t\t\t<div class=\"elementor-widget-container\">\n\t\t\t\t\t\t\t\t\t<div class=\"elementor-button-wrapper\">\n\t\t\t\t\t<a class=\"elementor-button elementor-button-link elementor-size-sm elementor-animation-grow\" href=\"https:\/\/api.whatsapp.com\/send?phone=50244523208\" target=\"_blank\" rel=\"noopener\">\n\t\t\t\t\t\t<span class=\"elementor-button-content-wrapper\">\n\t\t\t\t\t\t\t\t\t<span class=\"elementor-button-text\">Agenda tu visita<\/span>\n\t\t\t\t\t<\/span>\n\t\t\t\t\t<\/a>\n\t\t\t\t<\/div>\n\t\t\t\t\t\t\t\t<\/div>\n\t\t\t\t<\/div>\n\t\t\t\t<div class=\"elementor-element elementor-element-d3b2757 elementor-widget elementor-widget-spacer\" data-id=\"d3b2757\" data-element_type=\"widget\" data-widget_type=\"spacer.default\">\n\t\t\t\t<div class=\"elementor-widget-container\">\n\t\t\t\t\t\t\t<div class=\"elementor-spacer\">\n\t\t\t<div class=\"elementor-spacer-inner\"><\/div>\n\t\t<\/div>\n\t\t\t\t\t\t<\/div>\n\t\t\t\t<\/div>\n\t\t\t\t<\/div>\n\t\t<div class=\"elementor-element elementor-element-3119862 e-con-full e-flex e-con e-child\" data-id=\"3119862\" data-element_type=\"container\">\n\t\t\t\t<\/div>\n\t\t\t\t\t<\/div>\n\t\t\t\t<\/div>\n\t\t\t\t<\/div>\n\t\t","protected":false},"excerpt":{"rendered":"<p>Historia Misi\u00f3n Contribuir en la formaci\u00f3n de seres Pensantes y Creativos que alcancen la excelencia viviendo responsablemente su Independencia, fortaleciendo en ellos su Voluntad y desarrollando Habilidades Sociales que generen acciones positivas e innovadoras. Visi\u00f3n Promueve los valores morales y c\u00edvicos, la buena utilizaci\u00f3n del tiempo y la tecnolog\u00eda, los h\u00e1bitos de trabajo y la [&hellip;]<\/p>\n","protected":false},"author":2,"featured_media":0,"parent":0,"menu_order":0,"comment_status":"closed","ping_status":"closed","template":"elementor_header_footer","meta":{"footnotes":""},"class_list":["post-438","page","type-page","status-publish","hentry"],"_links":{"self":[{"href":"https:\/\/suizoamericano.edu.gt\/index.php\/wp-json\/wp\/v2\/pages\/438","targetHints":{"allow":["GET"]}}],"collection":[{"href":"https:\/\/suizoamericano.edu.gt\/index.php\/wp-json\/wp\/v2\/pages"}],"about":[{"href":"https:\/\/suizoamericano.edu.gt\/index.php\/wp-json\/wp\/v2\/types\/page"}],"author":[{"embeddable":true,"href":"https:\/\/suizoamericano.edu.gt\/index.php\/wp-json\/wp\/v2\/users\/2"}],"replies":[{"embeddable":true,"href":"https:\/\/suizoamericano.edu.gt\/index.php\/wp-json\/wp\/v2\/comments?post=438"}],"version-history":[{"count":25,"href":"https:\/\/suizoamericano.edu.gt\/index.php\/wp-json\/wp\/v2\/pages\/438\/revisions"}],"predecessor-version":[{"id":582,"href":"https:\/\/suizoamericano.edu.gt\/index.php\/wp-json\/wp\/v2\/pages\/438\/revisions\/582"}],"wp:attachment":[{"href":"https:\/\/suizoamericano.edu.gt\/index.php\/wp-json\/wp\/v2\/media?parent=438"}],"curies":[{"name":"wp","href":"https:\/\/api.w.org\/{rel}","templated":true}]}}