{"id":536,"date":"2025-05-06T18:24:12","date_gmt":"2025-05-06T18:24:12","guid":{"rendered":"https:\/\/suizoamericano.edu.gt\/?page_id=536"},"modified":"2026-02-17T19:21:24","modified_gmt":"2026-02-17T19:21:24","slug":"primaria","status":"publish","type":"page","link":"https:\/\/suizoamericano.edu.gt\/index.php\/primaria\/","title":{"rendered":"Primaria"},"content":{"rendered":"\t\t<div data-elementor-type=\"wp-page\" data-elementor-id=\"536\" class=\"elementor elementor-536\" data-elementor-post-type=\"page\">\n\t\t\t\t<div class=\"elementor-element elementor-element-d5e3104 e-flex e-con-boxed e-con e-parent\" data-id=\"d5e3104\" data-element_type=\"container\" data-settings=\"{&quot;background_background&quot;:&quot;slideshow&quot;,&quot;background_slideshow_gallery&quot;:[{&quot;id&quot;:70,&quot;url&quot;:&quot;http:\\\/\\\/suizoamericano.edu.gt\\\/wp-content\\\/uploads\\\/2025\\\/04\\\/DSC03496-scaled.jpg&quot;},{&quot;id&quot;:71,&quot;url&quot;:&quot;http:\\\/\\\/suizoamericano.edu.gt\\\/wp-content\\\/uploads\\\/2025\\\/04\\\/DSC03180-scaled.jpg&quot;},{&quot;id&quot;:125,&quot;url&quot;:&quot;http:\\\/\\\/suizoamericano.edu.gt\\\/wp-content\\\/uploads\\\/2025\\\/04\\\/DSC03427-scaled.jpg&quot;}],&quot;shape_divider_bottom&quot;:&quot;mountains&quot;,&quot;background_slideshow_loop&quot;:&quot;yes&quot;,&quot;background_slideshow_slide_duration&quot;:5000,&quot;background_slideshow_slide_transition&quot;:&quot;fade&quot;,&quot;background_slideshow_transition_duration&quot;:500}\">\n\t\t\t\t\t<div class=\"e-con-inner\">\n\t\t\t\t<div class=\"elementor-shape elementor-shape-bottom\" aria-hidden=\"true\" data-negative=\"false\">\n\t\t\t<svg xmlns=\"http:\/\/www.w3.org\/2000\/svg\" viewBox=\"0 0 1000 100\" preserveAspectRatio=\"none\">\n\t<path class=\"elementor-shape-fill\" opacity=\"0.33\" d=\"M473,67.3c-203.9,88.3-263.1-34-320.3,0C66,119.1,0,59.7,0,59.7V0h1000v59.7 c0,0-62.1,26.1-94.9,29.3c-32.8,3.3-62.8-12.3-75.8-22.1C806,49.6,745.3,8.7,694.9,4.7S492.4,59,473,67.3z\"\/>\n\t<path class=\"elementor-shape-fill\" opacity=\"0.66\" d=\"M734,67.3c-45.5,0-77.2-23.2-129.1-39.1c-28.6-8.7-150.3-10.1-254,39.1 s-91.7-34.4-149.2,0C115.7,118.3,0,39.8,0,39.8V0h1000v36.5c0,0-28.2-18.5-92.1-18.5C810.2,18.1,775.7,67.3,734,67.3z\"\/>\n\t<path class=\"elementor-shape-fill\" d=\"M766.1,28.9c-200-57.5-266,65.5-395.1,19.5C242,1.8,242,5.4,184.8,20.6C128,35.8,132.3,44.9,89.9,52.5C28.6,63.7,0,0,0,0 h1000c0,0-9.9,40.9-83.6,48.1S829.6,47,766.1,28.9z\"\/>\n<\/svg>\t\t<\/div>\n\t\t<div class=\"elementor-element elementor-element-2b0f3750 e-con-full e-flex e-con e-child\" data-id=\"2b0f3750\" data-element_type=\"container\">\n\t\t\t\t<div class=\"elementor-element elementor-element-6454a7d5 elementor-widget elementor-widget-image\" data-id=\"6454a7d5\" data-element_type=\"widget\" data-widget_type=\"image.default\">\n\t\t\t\t<div class=\"elementor-widget-container\">\n\t\t\t\t\t\t\t\t\t\t\t\t\t\t\t<img fetchpriority=\"high\" decoding=\"async\" width=\"800\" height=\"958\" src=\"https:\/\/suizoamericano.edu.gt\/wp-content\/uploads\/2025\/05\/Logo-CSA-isotipo-borde-blanco-855x1024.png\" class=\"attachment-large size-large wp-image-440\" alt=\"\" srcset=\"https:\/\/suizoamericano.edu.gt\/wp-content\/uploads\/2025\/05\/Logo-CSA-isotipo-borde-blanco-855x1024.png 855w, https:\/\/suizoamericano.edu.gt\/wp-content\/uploads\/2025\/05\/Logo-CSA-isotipo-borde-blanco-250x300.png 250w, https:\/\/suizoamericano.edu.gt\/wp-content\/uploads\/2025\/05\/Logo-CSA-isotipo-borde-blanco-768x920.png 768w, https:\/\/suizoamericano.edu.gt\/wp-content\/uploads\/2025\/05\/Logo-CSA-isotipo-borde-blanco.png 1107w\" sizes=\"(max-width: 800px) 100vw, 800px\" \/>\t\t\t\t\t\t\t\t\t\t\t\t\t\t\t<\/div>\n\t\t\t\t<\/div>\n\t\t\t\t<\/div>\n\t\t<div class=\"elementor-element elementor-element-155f3cd8 e-con-full e-flex e-con e-child\" data-id=\"155f3cd8\" data-element_type=\"container\">\n\t\t\t\t<div class=\"elementor-element elementor-element-54d7e6b elementor-widget elementor-widget-heading\" data-id=\"54d7e6b\" data-element_type=\"widget\" data-widget_type=\"heading.default\">\n\t\t\t\t<div class=\"elementor-widget-container\">\n\t\t\t\t\t<h2 class=\"elementor-heading-title elementor-size-default\">Primaria<\/h2>\t\t\t\t<\/div>\n\t\t\t\t<\/div>\n\t\t\t\t<\/div>\n\t\t\t\t\t<\/div>\n\t\t\t\t<\/div>\n\t\t<div class=\"elementor-element elementor-element-7eda2987 e-flex e-con-boxed e-con e-parent\" data-id=\"7eda2987\" data-element_type=\"container\" data-settings=\"{&quot;background_background&quot;:&quot;classic&quot;}\">\n\t\t\t\t\t<div class=\"e-con-inner\">\n\t\t\t\t<div class=\"elementor-element elementor-element-1a9580ed elementor-widget__width-initial elementor-widget elementor-widget-text-editor\" data-id=\"1a9580ed\" data-element_type=\"widget\" data-widget_type=\"text-editor.default\">\n\t\t\t\t<div class=\"elementor-widget-container\">\n\t\t\t\t\t\t\t\t\t<p data-start=\"193\" data-end=\"390\">La etapa de primaria en el Colegio Suizo Americano es el momento en que nuestros alumnos consolidan h\u00e1bitos, descubren sus talentos y fortalecen su identidad como aprendices activos y responsables.<\/p><p data-start=\"392\" data-end=\"693\">Nuestro modelo educativo combina excelencia acad\u00e9mica con formaci\u00f3n en valores, promoviendo el pensamiento cr\u00edtico, la autonom\u00eda, el trabajo colaborativo y la resoluci\u00f3n de problemas. Cada ni\u00f1o es guiado por docentes calificados que inspiran y acompa\u00f1an su proceso de crecimiento personal y acad\u00e9mico.<\/p><p data-start=\"695\" data-end=\"923\">El programa incluye el aprendizaje continuo del ingl\u00e9s y del alem\u00e1n como parte fundamental de su formaci\u00f3n internacional, as\u00ed como herramientas tecnol\u00f3gicas y proyectos interdisciplinarios que conectan el aula con el mundo real.<\/p><p data-start=\"925\" data-end=\"1100\">A trav\u00e9s de un enfoque constructivista y personalizado, los estudiantes desarrollan habilidades que les permiten adaptarse a nuevos retos con creatividad, empat\u00eda y liderazgo.<\/p><p data-start=\"1102\" data-end=\"1219\">En la primaria del Suizo Americano no solo aprenden contenidos: aprenden a ser, a convivir y a liderar con prop\u00f3sito.<\/p><p data-start=\"448\" data-end=\"761\">A trav\u00e9s de un ambiente c\u00e1lido, seguro y estimulante, acompa\u00f1amos a nuestros peque\u00f1os en sus primeros pasos dentro del mundo acad\u00e9mico. Combinamos el juego, la exploraci\u00f3n y el afecto con metodolog\u00edas actualizadas y un enfoque constructivista, donde cada experiencia se convierte en una oportunidad para aprender.<\/p><p data-start=\"763\" data-end=\"1055\">Nuestros alumnos comienzan a desarrollar sus primeras habilidades en idiomas como ingl\u00e9s y alem\u00e1n, se familiarizan con la tecnolog\u00eda de forma responsable y tienen acceso a espacios especialmente dise\u00f1ados para su edad, que estimulan su imaginaci\u00f3n, coordinaci\u00f3n motriz y trabajo colaborativo.<\/p><p data-start=\"1057\" data-end=\"1215\">En la preprimaria del Suizo Americano formamos ni\u00f1os felices, seguros de s\u00ed mismos y con valores s\u00f3lidos, listos para continuar su camino hacia la excelencia.<\/p>\t\t\t\t\t\t\t\t<\/div>\n\t\t\t\t<\/div>\n\t\t\t\t\t<\/div>\n\t\t\t\t<\/div>\n\t\t<div class=\"elementor-element elementor-element-41c64aa1 e-flex e-con-boxed e-con e-parent\" data-id=\"41c64aa1\" data-element_type=\"container\" data-settings=\"{&quot;background_background&quot;:&quot;classic&quot;}\">\n\t\t\t\t\t<div class=\"e-con-inner\">\n\t\t\t\t<div class=\"elementor-element elementor-element-161e80c4 elementor-align-center elementor-widget elementor-widget-button\" data-id=\"161e80c4\" data-element_type=\"widget\" data-widget_type=\"button.default\">\n\t\t\t\t<div class=\"elementor-widget-container\">\n\t\t\t\t\t\t\t\t\t<div class=\"elementor-button-wrapper\">\n\t\t\t\t\t<a class=\"elementor-button elementor-button-link elementor-size-sm elementor-animation-grow\" href=\"https:\/\/api.whatsapp.com\/send?phone=50244523208\" target=\"_blank\" rel=\"noopener\">\n\t\t\t\t\t\t<span class=\"elementor-button-content-wrapper\">\n\t\t\t\t\t\t\t\t\t<span class=\"elementor-button-text\">Agenda tu visita<\/span>\n\t\t\t\t\t<\/span>\n\t\t\t\t\t<\/a>\n\t\t\t\t<\/div>\n\t\t\t\t\t\t\t\t<\/div>\n\t\t\t\t<\/div>\n\t\t\t\t<div class=\"elementor-element elementor-element-15deb8c7 elementor-widget elementor-widget-spacer\" data-id=\"15deb8c7\" data-element_type=\"widget\" data-widget_type=\"spacer.default\">\n\t\t\t\t<div class=\"elementor-widget-container\">\n\t\t\t\t\t\t\t<div class=\"elementor-spacer\">\n\t\t\t<div class=\"elementor-spacer-inner\"><\/div>\n\t\t<\/div>\n\t\t\t\t\t\t<\/div>\n\t\t\t\t<\/div>\n\t\t\t\t\t<\/div>\n\t\t\t\t<\/div>\n\t\t\t\t<\/div>\n\t\t","protected":false},"excerpt":{"rendered":"<p>Primaria La etapa de primaria en el Colegio Suizo Americano es el momento en que nuestros alumnos consolidan h\u00e1bitos, descubren sus talentos y fortalecen su identidad como aprendices activos y responsables. Nuestro modelo educativo combina excelencia acad\u00e9mica con formaci\u00f3n en valores, promoviendo el pensamiento cr\u00edtico, la autonom\u00eda, el trabajo colaborativo y la resoluci\u00f3n de problemas. [&hellip;]<\/p>\n","protected":false},"author":2,"featured_media":0,"parent":0,"menu_order":0,"comment_status":"closed","ping_status":"closed","template":"elementor_header_footer","meta":{"footnotes":""},"class_list":["post-536","page","type-page","status-publish","hentry"],"_links":{"self":[{"href":"https:\/\/suizoamericano.edu.gt\/index.php\/wp-json\/wp\/v2\/pages\/536","targetHints":{"allow":["GET"]}}],"collection":[{"href":"https:\/\/suizoamericano.edu.gt\/index.php\/wp-json\/wp\/v2\/pages"}],"about":[{"href":"https:\/\/suizoamericano.edu.gt\/index.php\/wp-json\/wp\/v2\/types\/page"}],"author":[{"embeddable":true,"href":"https:\/\/suizoamericano.edu.gt\/index.php\/wp-json\/wp\/v2\/users\/2"}],"replies":[{"embeddable":true,"href":"https:\/\/suizoamericano.edu.gt\/index.php\/wp-json\/wp\/v2\/comments?post=536"}],"version-history":[{"count":10,"href":"https:\/\/suizoamericano.edu.gt\/index.php\/wp-json\/wp\/v2\/pages\/536\/revisions"}],"predecessor-version":[{"id":734,"href":"https:\/\/suizoamericano.edu.gt\/index.php\/wp-json\/wp\/v2\/pages\/536\/revisions\/734"}],"wp:attachment":[{"href":"https:\/\/suizoamericano.edu.gt\/index.php\/wp-json\/wp\/v2\/media?parent=536"}],"curies":[{"name":"wp","href":"https:\/\/api.w.org\/{rel}","templated":true}]}}