{"id":541,"date":"2025-05-06T18:28:11","date_gmt":"2025-05-06T18:28:11","guid":{"rendered":"https:\/\/suizoamericano.edu.gt\/?page_id=541"},"modified":"2026-02-17T19:21:56","modified_gmt":"2026-02-17T19:21:56","slug":"secundaria","status":"publish","type":"page","link":"https:\/\/suizoamericano.edu.gt\/index.php\/secundaria\/","title":{"rendered":"Secundaria"},"content":{"rendered":"\t\t<div data-elementor-type=\"wp-page\" data-elementor-id=\"541\" class=\"elementor elementor-541\" data-elementor-post-type=\"page\">\n\t\t\t\t<div class=\"elementor-element elementor-element-6b57532c e-flex e-con-boxed e-con e-parent\" data-id=\"6b57532c\" data-element_type=\"container\" data-settings=\"{&quot;background_background&quot;:&quot;slideshow&quot;,&quot;background_slideshow_gallery&quot;:[{&quot;id&quot;:441,&quot;url&quot;:&quot;http:\\\/\\\/suizoamericano.edu.gt\\\/wp-content\\\/uploads\\\/2025\\\/05\\\/DSC_0260.jpg&quot;},{&quot;id&quot;:109,&quot;url&quot;:&quot;http:\\\/\\\/suizoamericano.edu.gt\\\/wp-content\\\/uploads\\\/2025\\\/04\\\/DSC03622-scaled.jpg&quot;},{&quot;id&quot;:128,&quot;url&quot;:&quot;http:\\\/\\\/suizoamericano.edu.gt\\\/wp-content\\\/uploads\\\/2025\\\/04\\\/DSC02723-scaled.jpg&quot;},{&quot;id&quot;:136,&quot;url&quot;:&quot;http:\\\/\\\/suizoamericano.edu.gt\\\/wp-content\\\/uploads\\\/2025\\\/04\\\/DSC03464-scaled.jpg&quot;}],&quot;shape_divider_bottom&quot;:&quot;mountains&quot;,&quot;background_slideshow_loop&quot;:&quot;yes&quot;,&quot;background_slideshow_slide_duration&quot;:5000,&quot;background_slideshow_slide_transition&quot;:&quot;fade&quot;,&quot;background_slideshow_transition_duration&quot;:500}\">\n\t\t\t\t\t<div class=\"e-con-inner\">\n\t\t\t\t<div class=\"elementor-shape elementor-shape-bottom\" aria-hidden=\"true\" data-negative=\"false\">\n\t\t\t<svg xmlns=\"http:\/\/www.w3.org\/2000\/svg\" viewBox=\"0 0 1000 100\" preserveAspectRatio=\"none\">\n\t<path class=\"elementor-shape-fill\" opacity=\"0.33\" d=\"M473,67.3c-203.9,88.3-263.1-34-320.3,0C66,119.1,0,59.7,0,59.7V0h1000v59.7 c0,0-62.1,26.1-94.9,29.3c-32.8,3.3-62.8-12.3-75.8-22.1C806,49.6,745.3,8.7,694.9,4.7S492.4,59,473,67.3z\"\/>\n\t<path class=\"elementor-shape-fill\" opacity=\"0.66\" d=\"M734,67.3c-45.5,0-77.2-23.2-129.1-39.1c-28.6-8.7-150.3-10.1-254,39.1 s-91.7-34.4-149.2,0C115.7,118.3,0,39.8,0,39.8V0h1000v36.5c0,0-28.2-18.5-92.1-18.5C810.2,18.1,775.7,67.3,734,67.3z\"\/>\n\t<path class=\"elementor-shape-fill\" d=\"M766.1,28.9c-200-57.5-266,65.5-395.1,19.5C242,1.8,242,5.4,184.8,20.6C128,35.8,132.3,44.9,89.9,52.5C28.6,63.7,0,0,0,0 h1000c0,0-9.9,40.9-83.6,48.1S829.6,47,766.1,28.9z\"\/>\n<\/svg>\t\t<\/div>\n\t\t<div class=\"elementor-element elementor-element-4d0f1c93 e-con-full e-flex e-con e-child\" data-id=\"4d0f1c93\" data-element_type=\"container\">\n\t\t\t\t<div class=\"elementor-element elementor-element-49106711 elementor-widget elementor-widget-image\" data-id=\"49106711\" data-element_type=\"widget\" data-widget_type=\"image.default\">\n\t\t\t\t<div class=\"elementor-widget-container\">\n\t\t\t\t\t\t\t\t\t\t\t\t\t\t\t<img fetchpriority=\"high\" decoding=\"async\" width=\"800\" height=\"958\" src=\"https:\/\/suizoamericano.edu.gt\/wp-content\/uploads\/2025\/05\/Logo-CSA-isotipo-borde-blanco-855x1024.png\" class=\"attachment-large size-large wp-image-440\" alt=\"\" srcset=\"https:\/\/suizoamericano.edu.gt\/wp-content\/uploads\/2025\/05\/Logo-CSA-isotipo-borde-blanco-855x1024.png 855w, https:\/\/suizoamericano.edu.gt\/wp-content\/uploads\/2025\/05\/Logo-CSA-isotipo-borde-blanco-250x300.png 250w, https:\/\/suizoamericano.edu.gt\/wp-content\/uploads\/2025\/05\/Logo-CSA-isotipo-borde-blanco-768x920.png 768w, https:\/\/suizoamericano.edu.gt\/wp-content\/uploads\/2025\/05\/Logo-CSA-isotipo-borde-blanco.png 1107w\" sizes=\"(max-width: 800px) 100vw, 800px\" \/>\t\t\t\t\t\t\t\t\t\t\t\t\t\t\t<\/div>\n\t\t\t\t<\/div>\n\t\t\t\t<\/div>\n\t\t<div class=\"elementor-element elementor-element-61e6a522 e-con-full e-flex e-con e-child\" data-id=\"61e6a522\" data-element_type=\"container\">\n\t\t\t\t<div class=\"elementor-element elementor-element-13c0e74f elementor-widget elementor-widget-heading\" data-id=\"13c0e74f\" data-element_type=\"widget\" data-widget_type=\"heading.default\">\n\t\t\t\t<div class=\"elementor-widget-container\">\n\t\t\t\t\t<h2 class=\"elementor-heading-title elementor-size-default\">Secundaria<\/h2>\t\t\t\t<\/div>\n\t\t\t\t<\/div>\n\t\t\t\t<\/div>\n\t\t\t\t\t<\/div>\n\t\t\t\t<\/div>\n\t\t<div class=\"elementor-element elementor-element-1afc152d e-flex e-con-boxed e-con e-parent\" data-id=\"1afc152d\" data-element_type=\"container\" data-settings=\"{&quot;background_background&quot;:&quot;classic&quot;}\">\n\t\t\t\t\t<div class=\"e-con-inner\">\n\t\t\t\t<div class=\"elementor-element elementor-element-6f7a5891 elementor-widget__width-initial elementor-widget elementor-widget-text-editor\" data-id=\"6f7a5891\" data-element_type=\"widget\" data-widget_type=\"text-editor.default\">\n\t\t\t\t<div class=\"elementor-widget-container\">\n\t\t\t\t\t\t\t\t\t<p data-start=\"204\" data-end=\"384\">En la secundaria del Colegio Suizo Americano, acompa\u00f1amos a nuestros estudiantes en una etapa clave de su vida: la consolidaci\u00f3n de su car\u00e1cter, su identidad y su proyecto de vida.<\/p><p data-start=\"386\" data-end=\"783\">Nuestra propuesta acad\u00e9mica de alto nivel est\u00e1 dise\u00f1ada para desarrollar competencias del siglo XXI, con especial \u00e9nfasis en el pensamiento anal\u00edtico, la comunicaci\u00f3n efectiva, el trabajo en equipo y el uso estrat\u00e9gico de la tecnolog\u00eda. Adem\u00e1s, el dominio del ingl\u00e9s y del alem\u00e1n abre las puertas a oportunidades internacionales, intercambios culturales y certificaciones reconocidas mundialmente.<\/p><p data-start=\"785\" data-end=\"1102\">Los estudiantes participan activamente en proyectos que vinculan el conocimiento con la realidad, impulsando el compromiso social, el liderazgo y la toma de decisiones conscientes. Fortalecemos su inteligencia emocional, su autonom\u00eda y su capacidad para resolver conflictos desde una perspectiva \u00e9tica y colaborativa.<\/p><p data-start=\"1104\" data-end=\"1330\">Guiados por un equipo docente comprometido y por un entorno que promueve la innovaci\u00f3n, los alumnos de secundaria del Suizo Americano se preparan para ser ciudadanos globales, responsables y protagonistas de su propio destino.<\/p>\t\t\t\t\t\t\t\t<\/div>\n\t\t\t\t<\/div>\n\t\t\t\t\t<\/div>\n\t\t\t\t<\/div>\n\t\t<div class=\"elementor-element elementor-element-2a56a62f e-flex e-con-boxed e-con e-parent\" data-id=\"2a56a62f\" data-element_type=\"container\" data-settings=\"{&quot;background_background&quot;:&quot;classic&quot;}\">\n\t\t\t\t\t<div class=\"e-con-inner\">\n\t\t\t\t<div class=\"elementor-element elementor-element-2a08fa6e elementor-align-center elementor-widget elementor-widget-button\" data-id=\"2a08fa6e\" data-element_type=\"widget\" data-widget_type=\"button.default\">\n\t\t\t\t<div class=\"elementor-widget-container\">\n\t\t\t\t\t\t\t\t\t<div class=\"elementor-button-wrapper\">\n\t\t\t\t\t<a class=\"elementor-button elementor-button-link elementor-size-sm elementor-animation-grow\" href=\"https:\/\/api.whatsapp.com\/send?phone=50244523208\" target=\"_blank\" rel=\"noopener\">\n\t\t\t\t\t\t<span class=\"elementor-button-content-wrapper\">\n\t\t\t\t\t\t\t\t\t<span class=\"elementor-button-text\">Agenda tu visita<\/span>\n\t\t\t\t\t<\/span>\n\t\t\t\t\t<\/a>\n\t\t\t\t<\/div>\n\t\t\t\t\t\t\t\t<\/div>\n\t\t\t\t<\/div>\n\t\t\t\t<div class=\"elementor-element elementor-element-600dd127 elementor-widget elementor-widget-spacer\" data-id=\"600dd127\" data-element_type=\"widget\" data-widget_type=\"spacer.default\">\n\t\t\t\t<div class=\"elementor-widget-container\">\n\t\t\t\t\t\t\t<div class=\"elementor-spacer\">\n\t\t\t<div class=\"elementor-spacer-inner\"><\/div>\n\t\t<\/div>\n\t\t\t\t\t\t<\/div>\n\t\t\t\t<\/div>\n\t\t\t\t\t<\/div>\n\t\t\t\t<\/div>\n\t\t\t\t<\/div>\n\t\t","protected":false},"excerpt":{"rendered":"<p>Secundaria En la secundaria del Colegio Suizo Americano, acompa\u00f1amos a nuestros estudiantes en una etapa clave de su vida: la consolidaci\u00f3n de su car\u00e1cter, su identidad y su proyecto de vida. Nuestra propuesta acad\u00e9mica de alto nivel est\u00e1 dise\u00f1ada para desarrollar competencias del siglo XXI, con especial \u00e9nfasis en el pensamiento anal\u00edtico, la comunicaci\u00f3n efectiva, [&hellip;]<\/p>\n","protected":false},"author":2,"featured_media":0,"parent":0,"menu_order":0,"comment_status":"closed","ping_status":"closed","template":"elementor_header_footer","meta":{"footnotes":""},"class_list":["post-541","page","type-page","status-publish","hentry"],"_links":{"self":[{"href":"https:\/\/suizoamericano.edu.gt\/index.php\/wp-json\/wp\/v2\/pages\/541","targetHints":{"allow":["GET"]}}],"collection":[{"href":"https:\/\/suizoamericano.edu.gt\/index.php\/wp-json\/wp\/v2\/pages"}],"about":[{"href":"https:\/\/suizoamericano.edu.gt\/index.php\/wp-json\/wp\/v2\/types\/page"}],"author":[{"embeddable":true,"href":"https:\/\/suizoamericano.edu.gt\/index.php\/wp-json\/wp\/v2\/users\/2"}],"replies":[{"embeddable":true,"href":"https:\/\/suizoamericano.edu.gt\/index.php\/wp-json\/wp\/v2\/comments?post=541"}],"version-history":[{"count":12,"href":"https:\/\/suizoamericano.edu.gt\/index.php\/wp-json\/wp\/v2\/pages\/541\/revisions"}],"predecessor-version":[{"id":737,"href":"https:\/\/suizoamericano.edu.gt\/index.php\/wp-json\/wp\/v2\/pages\/541\/revisions\/737"}],"wp:attachment":[{"href":"https:\/\/suizoamericano.edu.gt\/index.php\/wp-json\/wp\/v2\/media?parent=541"}],"curies":[{"name":"wp","href":"https:\/\/api.w.org\/{rel}","templated":true}]}}